{"id":6107,"date":"2018-03-22T10:22:05","date_gmt":"2018-03-22T09:22:05","guid":{"rendered":"http:\/\/cphpub.com\/dklaw\/?page_id=6107"},"modified":"2023-08-18T10:38:31","modified_gmt":"2023-08-18T08:38:31","slug":"gerichtsverfahren-und-schiedsverfahren","status":"publish","type":"page","link":"https:\/\/dklaw.dk\/de\/gerichtsverfahren-und-schiedsverfahren\/","title":{"rendered":"Gerichts- &#038; Schiedsverfahren"},"content":{"rendered":"[vc_row type=&#8220;in_container&#8220; full_screen_row_position=&#8220;middle&#8220; column_margin=&#8220;default&#8220; scene_position=&#8220;center&#8220; text_color=&#8220;dark&#8220; text_align=&#8220;left&#8220; overlay_strength=&#8220;0.3&#8243; shape_divider_position=&#8220;bottom&#8220; bg_image_animation=&#8220;none&#8220;][vc_column column_padding=&#8220;padding-3-percent&#8220; column_padding_position=&#8220;right&#8220; background_color_opacity=&#8220;1&#8243; background_hover_color_opacity=&#8220;1&#8243; column_link_target=&#8220;_self&#8220; column_shadow=&#8220;none&#8220; column_border_radius=&#8220;none&#8220; width=&#8220;1\/1&#8243; tablet_width_inherit=&#8220;default&#8220; tablet_text_alignment=&#8220;default&#8220; phone_text_alignment=&#8220;default&#8220; overlay_strength=&#8220;0.3&#8243; column_border_width=&#8220;none&#8220; column_border_style=&#8220;solid&#8220; bg_image_animation=&#8220;none&#8220;][vc_column_text]\n<h3>Gerichts- &amp; Schiedsverfahren<\/h3>\n<p>Wir haben gro\u03b2e Erfahrung und eine lange Tradition mit der Durchf\u00fchrung von und Begleitung bei Gerichtsverfahren. Die Arbeit mit Gerichtsverfahren wird bei Fabritius Tengnagel &amp; Heine als ein selbst\u00e4ndiges juristisches Spezialgebiet angesehen, welches besondere Anspr\u00fcche bez\u00fcglich Ausbildung, Erfahrung und Sorgfalt an den Rechtsanwalt stellt.<\/p>\n<p>Die Anw\u00e4lte unserer Kanzlei haben Mandanten in einigen der gr\u00f6\u00dften Verfahren D\u00e4nemarks vertreten, einschlie\u00dflich des \u201eFarum-Verfahrens\u201c und der sog. \u201eUnternehmensleerungsverfahren\u201c, des \u201eRoskilde Bank-Verfahrens\u201c, des \u201eAmagerbank-Verfahrens\u201c, des \u201eEik Bank-Verfahrens\u201c, des \u201eTvind-Verfahrens\u201c sowie des \u201eSe og H\u00f8r-Verfahrens<\/p>\n<p>Wenn der erste Kontakt stattgefunden hat, alle ma\u03b2gebenden Dokumente ber\u00fccksichtigt sind, sowie die notwendigen Zeugen und Experten einberufen wurden, dann sind dies nur einige der Faktoren, welche beherrscht werden m\u00fcssen. Material, welches bei der Vorbereitung des Verfahrens nicht einbezogen worden ist, k\u00f6nnen die Gerichte w\u00e4hrend der Verhandlung nicht ber\u00fccksichtigen. Deshalb ist es von \u00e4u\u03b2erster Wichtigkeit, dass schon fr\u00fch im Verlauf strategische und f\u00fcr die Planung wesentliche Beschl\u00fcsse gefasst werden, um das beste Resultat f\u00fcr den Mandanten zu erzielen. In unserer Beratung wird immer Anleitung f\u00fcr und Beurteilung von M\u00f6glichkeiten betreffend einer eventuellen vergleichsbasierten L\u00f6sung des Falles mit einbezogen.<\/p>\n<p>Die Durchf\u00fchrung fordert au\u03b2er solidem, juristischen K\u00f6nnen und gr\u00fcndlicher Vorbereitung, auch rhetorische und analytische Fertigkeiten. Es m\u00fcssen Zeugenverh\u00f6re vorgenommen, Obm\u00e4nner berufen, fr\u00fchere Urteile begutachtet und Anlagen vorgelegt werden usw. Alles mit Hinblick geschuldet, dem Gericht eine ganz korrekte Kenntnis vom Fall des Mandanten zu vermitteln.<\/p>\n<p>Gerichtsverfahren sind seit jeher die Hauptaufgabe des Rechtsanwaltes gewesen, was jedoch nicht l\u00e4nger zutrifft. Wir haben die Konsequenz aus der Entwicklung gezogen und halten an dieser traditonsreichen juristischen Disziplin, als eine der Spitzenkompetenzen der Anwaltskanzlei, fest.<\/p>\n<p>Es ist unser klares Ziel, dass wer Recht hat, auch Recht bekommen muss.<\/p>\n<h4>Schiedsverfahren<\/h4>\n<p>Fabritius Tengnagel &amp; Heine haben ebenfalls Erfahrungen mit Beistand f\u00fcr Mandanten sowohl bei d\u00e4nischen wie auch internationalen Schiedsverfahren, darunter Verfahren bei dem D\u00e4nischen Schiedsverfahrensinstitut (Det Danske Voldgiftsinstitut), dem Schiedsausschuss f\u00fcr Bau- und Anlageaktivit\u00e4ten (Voldgiftsn\u00e6vnet for Bygge- og anl\u00e6gsvirksomhed), der Internationalen Handelskammer, ICC (The International Chamber of Commerce) sowie ad hoc Schiedsverfahren.<\/p>\n<p>Wir haben somit Wissen \u00fcber die speziellen Normen, Routinen und besonderen Prozessprozeduren erlangt, welche f\u00fcr diese Art von F\u00e4llen relevant sind. Ben\u00f6tigen Sie Hilfe eine Schiedsklage oder eine Schiedserwiederung zu erstellen, sind Sie bei uns gut betreut.<\/p>\n<p>Die Kanzlei Fabritius Tengnagel &amp; Heine ist ausserdem Mitglied des D\u00e4nischen Verbandes f\u00fcr Schiedsverfahren [Dansk Forening for Voldgift].<\/p>\n<p><a href=\"http:\/\/www.voldgiftsforeningen.dk\/\"><img loading=\"lazy\" decoding=\"async\" class=\"alignnone size-full wp-image-6102\" src=\"https:\/\/dklaw.dk\/wp-content\/uploads\/2018\/03\/voldgift-forening.png\" alt=\"\" width=\"232\" height=\"73\" \/><\/a>[\/vc_column_text][\/vc_column][\/vc_row][vc_row type=&#8220;in_container&#8220; full_screen_row_position=&#8220;middle&#8220; column_margin=&#8220;default&#8220; scene_position=&#8220;center&#8220; text_color=&#8220;dark&#8220; text_align=&#8220;left&#8220; overlay_strength=&#8220;0.3&#8243; shape_divider_position=&#8220;bottom&#8220; bg_image_animation=&#8220;none&#8220;][vc_column column_padding=&#8220;no-extra-padding&#8220; column_padding_position=&#8220;all&#8220; background_color_opacity=&#8220;1&#8243; background_hover_color_opacity=&#8220;1&#8243; column_link_target=&#8220;_self&#8220; column_shadow=&#8220;none&#8220; column_border_radius=&#8220;none&#8220; width=&#8220;1\/1&#8243; tablet_width_inherit=&#8220;default&#8220; tablet_text_alignment=&#8220;default&#8220; phone_text_alignment=&#8220;default&#8220; overlay_strength=&#8220;0.3&#8243; column_border_width=&#8220;none&#8220; column_border_style=&#8220;solid&#8220; bg_image_animation=&#8220;none&#8220;][divider line_type=&#8220;Full Width Line&#8220; line_thickness=&#8220;1&#8243; divider_color=&#8220;extra-color-gradient-1&#8243;][\/vc_column][\/vc_row][vc_row type=&#8220;in_container&#8220; full_screen_row_position=&#8220;middle&#8220; column_margin=&#8220;default&#8220; scene_position=&#8220;center&#8220; text_color=&#8220;dark&#8220; text_align=&#8220;left&#8220; class=&#8220;kontakt-box&#8220; overlay_strength=&#8220;0.3&#8243; shape_divider_position=&#8220;bottom&#8220; bg_image_animation=&#8220;none&#8220; shape_type=&#8220;&#8220;][vc_column column_padding=&#8220;no-extra-padding&#8220; column_padding_position=&#8220;all&#8220; background_color_opacity=&#8220;1&#8243; background_hover_color_opacity=&#8220;1&#8243; column_link_target=&#8220;_self&#8220; column_shadow=&#8220;none&#8220; column_border_radius=&#8220;none&#8220; width=&#8220;1\/1&#8243; tablet_width_inherit=&#8220;default&#8220; tablet_text_alignment=&#8220;default&#8220; phone_text_alignment=&#8220;default&#8220; overlay_strength=&#8220;0.3&#8243; column_border_width=&#8220;none&#8220; column_border_style=&#8220;solid&#8220; bg_image_animation=&#8220;none&#8220;][vc_column_text]Wenn Sie Fragen haben, wenden Sie sich bitte an:<\/p>\n<p>Partner<br \/>\n<strong>S\u00f8ren Locher<\/strong><br \/>\nEmail:\u00a0<a href=\"mailto:shl@dklaw.dk\">shl@dklaw.dk<\/a><br \/>\nTel: <a class=\"woo-sc-button red small\" href=\"tel:+4533136920\"><span class=\"woo-\">+45 33 13 69 20<\/span><\/a>[\/vc_column_text][\/vc_column][\/vc_row]\n","protected":false},"excerpt":{"rendered":"<p>[vc_row type=&#8220;in_container&#8220; full_screen_row_position=&#8220;middle&#8220; column_margin=&#8220;default&#8220; scene_position=&#8220;center&#8220; text_color=&#8220;dark&#8220; text_align=&#8220;left&#8220; overlay_strength=&#8220;0.3&#8243; shape_divider_position=&#8220;bottom&#8220; bg_image_animation=&#8220;none&#8220;][vc_column column_padding=&#8220;padding-3-percent&#8220; column_padding_position=&#8220;right&#8220; background_color_opacity=&#8220;1&#8243; background_hover_color_opacity=&#8220;1&#8243; column_link_target=&#8220;_self&#8220; column_shadow=&#8220;none&#8220; column_border_radius=&#8220;none&#8220; width=&#8220;1\/1&#8243; tablet_width_inherit=&#8220;default&#8220; tablet_text_alignment=&#8220;default&#8220; phone_text_alignment=&#8220;default&#8220; overlay_strength=&#8220;0.3&#8243; column_border_width=&#8220;none&#8220; column_border_style=&#8220;solid&#8220; bg_image_animation=&#8220;none&#8220;][vc_column_text] Gerichts- &amp; Schiedsverfahren Wir haben&#8230;<\/p>\n","protected":false},"author":3,"featured_media":0,"parent":0,"menu_order":0,"comment_status":"closed","ping_status":"closed","template":"page-sidebar.php","meta":{"footnotes":""},"class_list":["post-6107","page","type-page","status-publish"],"yoast_head":"<!-- This site is optimized with the Yoast SEO plugin v27.4 - https:\/\/yoast.com\/product\/yoast-seo-wordpress\/ -->\n<title>Gerichtsverfahren Anwalt - Fabritius Tengnagel &amp; Heine Anw\u00e4lte<\/title>\n<meta name=\"description\" content=\"Unsere Anw\u00e4lte sind Experten in Gerichtsverfahren. Wir stehen bereit, Sie in rechtlichen Streitigkeiten zu vertreten. Hier erfahren Sie mehr.\" \/>\n<meta name=\"robots\" content=\"index, follow, max-snippet:-1, max-image-preview:large, max-video-preview:-1\" \/>\n<link rel=\"canonical\" href=\"https:\/\/dklaw.dk\/de\/gerichtsverfahren-und-schiedsverfahren\/\" \/>\n<meta property=\"og:locale\" content=\"de_DE\" \/>\n<meta property=\"og:type\" content=\"article\" \/>\n<meta property=\"og:title\" content=\"Gerichtsverfahren Anwalt - Fabritius Tengnagel &amp; Heine Anw\u00e4lte\" \/>\n<meta property=\"og:description\" content=\"Unsere Anw\u00e4lte sind Experten in Gerichtsverfahren. Wir stehen bereit, Sie in rechtlichen Streitigkeiten zu vertreten. Hier erfahren Sie mehr.\" \/>\n<meta property=\"og:url\" content=\"https:\/\/dklaw.dk\/de\/gerichtsverfahren-und-schiedsverfahren\/\" \/>\n<meta property=\"og:site_name\" content=\"Advokatkontoret Fabritius Tengnagel &amp; Heine\" \/>\n<meta property=\"article:modified_time\" content=\"2023-08-18T08:38:31+00:00\" \/>\n<meta property=\"og:image\" content=\"https:\/\/dklaw.dk\/wp-content\/uploads\/2018\/03\/voldgift-forening.png\" \/>\n<meta name=\"twitter:card\" content=\"summary_large_image\" \/>\n<meta name=\"twitter:label1\" content=\"Gesch\u00e4tzte Lesezeit\" \/>\n\t<meta name=\"twitter:data1\" content=\"3\u00a0Minuten\" \/>\n<script type=\"application\/ld+json\" class=\"yoast-schema-graph\">{\"@context\":\"https:\\\/\\\/schema.org\",\"@graph\":[{\"@type\":\"WebPage\",\"@id\":\"https:\\\/\\\/dklaw.dk\\\/de\\\/gerichtsverfahren-und-schiedsverfahren\\\/\",\"url\":\"https:\\\/\\\/dklaw.dk\\\/de\\\/gerichtsverfahren-und-schiedsverfahren\\\/\",\"name\":\"Gerichtsverfahren Anwalt - Fabritius Tengnagel & Heine Anw\u00e4lte\",\"isPartOf\":{\"@id\":\"https:\\\/\\\/dklaw.dk\\\/#website\"},\"primaryImageOfPage\":{\"@id\":\"https:\\\/\\\/dklaw.dk\\\/de\\\/gerichtsverfahren-und-schiedsverfahren\\\/#primaryimage\"},\"image\":{\"@id\":\"https:\\\/\\\/dklaw.dk\\\/de\\\/gerichtsverfahren-und-schiedsverfahren\\\/#primaryimage\"},\"thumbnailUrl\":\"https:\\\/\\\/dklaw.dk\\\/wp-content\\\/uploads\\\/2018\\\/03\\\/voldgift-forening.png\",\"datePublished\":\"2018-03-22T09:22:05+00:00\",\"dateModified\":\"2023-08-18T08:38:31+00:00\",\"description\":\"Unsere Anw\u00e4lte sind Experten in Gerichtsverfahren. Wir stehen bereit, Sie in rechtlichen Streitigkeiten zu vertreten. Hier erfahren Sie mehr.\",\"breadcrumb\":{\"@id\":\"https:\\\/\\\/dklaw.dk\\\/de\\\/gerichtsverfahren-und-schiedsverfahren\\\/#breadcrumb\"},\"inLanguage\":\"de\",\"potentialAction\":[{\"@type\":\"ReadAction\",\"target\":[\"https:\\\/\\\/dklaw.dk\\\/de\\\/gerichtsverfahren-und-schiedsverfahren\\\/\"]}]},{\"@type\":\"ImageObject\",\"inLanguage\":\"de\",\"@id\":\"https:\\\/\\\/dklaw.dk\\\/de\\\/gerichtsverfahren-und-schiedsverfahren\\\/#primaryimage\",\"url\":\"https:\\\/\\\/dklaw.dk\\\/wp-content\\\/uploads\\\/2018\\\/03\\\/voldgift-forening.png\",\"contentUrl\":\"https:\\\/\\\/dklaw.dk\\\/wp-content\\\/uploads\\\/2018\\\/03\\\/voldgift-forening.png\"},{\"@type\":\"BreadcrumbList\",\"@id\":\"https:\\\/\\\/dklaw.dk\\\/de\\\/gerichtsverfahren-und-schiedsverfahren\\\/#breadcrumb\",\"itemListElement\":[{\"@type\":\"ListItem\",\"position\":1,\"name\":\"Hjem\",\"item\":\"https:\\\/\\\/dklaw.dk\\\/de\\\/\"},{\"@type\":\"ListItem\",\"position\":2,\"name\":\"Gerichts- &#038; Schiedsverfahren\"}]},{\"@type\":\"WebSite\",\"@id\":\"https:\\\/\\\/dklaw.dk\\\/#website\",\"url\":\"https:\\\/\\\/dklaw.dk\\\/\",\"name\":\"Advokatkontoret Fabritius Tengnagel &amp; Heine\",\"description\":\"Advokatkontor i K\u00f8benhavn\",\"potentialAction\":[{\"@type\":\"SearchAction\",\"target\":{\"@type\":\"EntryPoint\",\"urlTemplate\":\"https:\\\/\\\/dklaw.dk\\\/?s={search_term_string}\"},\"query-input\":{\"@type\":\"PropertyValueSpecification\",\"valueRequired\":true,\"valueName\":\"search_term_string\"}}],\"inLanguage\":\"de\"}]}<\/script>\n<!-- \/ Yoast SEO plugin. -->","yoast_head_json":{"title":"Gerichtsverfahren Anwalt - Fabritius Tengnagel & Heine Anw\u00e4lte","description":"Unsere Anw\u00e4lte sind Experten in Gerichtsverfahren. Wir stehen bereit, Sie in rechtlichen Streitigkeiten zu vertreten. Hier erfahren Sie mehr.","robots":{"index":"index","follow":"follow","max-snippet":"max-snippet:-1","max-image-preview":"max-image-preview:large","max-video-preview":"max-video-preview:-1"},"canonical":"https:\/\/dklaw.dk\/de\/gerichtsverfahren-und-schiedsverfahren\/","og_locale":"de_DE","og_type":"article","og_title":"Gerichtsverfahren Anwalt - Fabritius Tengnagel & Heine Anw\u00e4lte","og_description":"Unsere Anw\u00e4lte sind Experten in Gerichtsverfahren. Wir stehen bereit, Sie in rechtlichen Streitigkeiten zu vertreten. Hier erfahren Sie mehr.","og_url":"https:\/\/dklaw.dk\/de\/gerichtsverfahren-und-schiedsverfahren\/","og_site_name":"Advokatkontoret Fabritius Tengnagel &amp; Heine","article_modified_time":"2023-08-18T08:38:31+00:00","og_image":[{"url":"https:\/\/dklaw.dk\/wp-content\/uploads\/2018\/03\/voldgift-forening.png","type":"","width":"","height":""}],"twitter_card":"summary_large_image","twitter_misc":{"Gesch\u00e4tzte Lesezeit":"3\u00a0Minuten"},"schema":{"@context":"https:\/\/schema.org","@graph":[{"@type":"WebPage","@id":"https:\/\/dklaw.dk\/de\/gerichtsverfahren-und-schiedsverfahren\/","url":"https:\/\/dklaw.dk\/de\/gerichtsverfahren-und-schiedsverfahren\/","name":"Gerichtsverfahren Anwalt - Fabritius Tengnagel & Heine Anw\u00e4lte","isPartOf":{"@id":"https:\/\/dklaw.dk\/#website"},"primaryImageOfPage":{"@id":"https:\/\/dklaw.dk\/de\/gerichtsverfahren-und-schiedsverfahren\/#primaryimage"},"image":{"@id":"https:\/\/dklaw.dk\/de\/gerichtsverfahren-und-schiedsverfahren\/#primaryimage"},"thumbnailUrl":"https:\/\/dklaw.dk\/wp-content\/uploads\/2018\/03\/voldgift-forening.png","datePublished":"2018-03-22T09:22:05+00:00","dateModified":"2023-08-18T08:38:31+00:00","description":"Unsere Anw\u00e4lte sind Experten in Gerichtsverfahren. Wir stehen bereit, Sie in rechtlichen Streitigkeiten zu vertreten. Hier erfahren Sie mehr.","breadcrumb":{"@id":"https:\/\/dklaw.dk\/de\/gerichtsverfahren-und-schiedsverfahren\/#breadcrumb"},"inLanguage":"de","potentialAction":[{"@type":"ReadAction","target":["https:\/\/dklaw.dk\/de\/gerichtsverfahren-und-schiedsverfahren\/"]}]},{"@type":"ImageObject","inLanguage":"de","@id":"https:\/\/dklaw.dk\/de\/gerichtsverfahren-und-schiedsverfahren\/#primaryimage","url":"https:\/\/dklaw.dk\/wp-content\/uploads\/2018\/03\/voldgift-forening.png","contentUrl":"https:\/\/dklaw.dk\/wp-content\/uploads\/2018\/03\/voldgift-forening.png"},{"@type":"BreadcrumbList","@id":"https:\/\/dklaw.dk\/de\/gerichtsverfahren-und-schiedsverfahren\/#breadcrumb","itemListElement":[{"@type":"ListItem","position":1,"name":"Hjem","item":"https:\/\/dklaw.dk\/de\/"},{"@type":"ListItem","position":2,"name":"Gerichts- &#038; Schiedsverfahren"}]},{"@type":"WebSite","@id":"https:\/\/dklaw.dk\/#website","url":"https:\/\/dklaw.dk\/","name":"Advokatkontoret Fabritius Tengnagel &amp; Heine","description":"Advokatkontor i K\u00f8benhavn","potentialAction":[{"@type":"SearchAction","target":{"@type":"EntryPoint","urlTemplate":"https:\/\/dklaw.dk\/?s={search_term_string}"},"query-input":{"@type":"PropertyValueSpecification","valueRequired":true,"valueName":"search_term_string"}}],"inLanguage":"de"}]}},"_links":{"self":[{"href":"https:\/\/dklaw.dk\/de\/wp-json\/wp\/v2\/pages\/6107","targetHints":{"allow":["GET"]}}],"collection":[{"href":"https:\/\/dklaw.dk\/de\/wp-json\/wp\/v2\/pages"}],"about":[{"href":"https:\/\/dklaw.dk\/de\/wp-json\/wp\/v2\/types\/page"}],"author":[{"embeddable":true,"href":"https:\/\/dklaw.dk\/de\/wp-json\/wp\/v2\/users\/3"}],"replies":[{"embeddable":true,"href":"https:\/\/dklaw.dk\/de\/wp-json\/wp\/v2\/comments?post=6107"}],"version-history":[{"count":3,"href":"https:\/\/dklaw.dk\/de\/wp-json\/wp\/v2\/pages\/6107\/revisions"}],"predecessor-version":[{"id":7558,"href":"https:\/\/dklaw.dk\/de\/wp-json\/wp\/v2\/pages\/6107\/revisions\/7558"}],"wp:attachment":[{"href":"https:\/\/dklaw.dk\/de\/wp-json\/wp\/v2\/media?parent=6107"}],"curies":[{"name":"wp","href":"https:\/\/api.w.org\/{rel}","templated":true}]}}