{"id":6148,"date":"2018-03-22T11:39:45","date_gmt":"2018-03-22T10:39:45","guid":{"rendered":"http:\/\/cphpub.com\/dklaw\/?page_id=6148"},"modified":"2023-08-18T10:45:17","modified_gmt":"2023-08-18T08:45:17","slug":"internationales-recht","status":"publish","type":"page","link":"https:\/\/dklaw.dk\/de\/internationales-recht\/","title":{"rendered":"Internationales Recht"},"content":{"rendered":"[vc_row type=&#8220;in_container&#8220; full_screen_row_position=&#8220;middle&#8220; column_margin=&#8220;default&#8220; scene_position=&#8220;center&#8220; text_color=&#8220;dark&#8220; text_align=&#8220;left&#8220; overlay_strength=&#8220;0.3&#8243; shape_divider_position=&#8220;bottom&#8220; bg_image_animation=&#8220;none&#8220;][vc_column column_padding=&#8220;padding-3-percent&#8220; column_padding_position=&#8220;right&#8220; background_color_opacity=&#8220;1&#8243; background_hover_color_opacity=&#8220;1&#8243; column_link_target=&#8220;_self&#8220; column_shadow=&#8220;none&#8220; column_border_radius=&#8220;none&#8220; width=&#8220;1\/1&#8243; tablet_width_inherit=&#8220;default&#8220; tablet_text_alignment=&#8220;default&#8220; phone_text_alignment=&#8220;default&#8220; overlay_strength=&#8220;0.3&#8243; column_border_width=&#8220;none&#8220; column_border_style=&#8220;solid&#8220; bg_image_animation=&#8220;none&#8220;][vc_column_text]\n<h3>Internationales Recht<\/h3>\n<h4>Internationales Familienrecht und Erbrecht<\/h4>\n<p>Die Globalisierung hat die Welt kleiner gemacht!<br \/>\n\u00dcber Landesgrenzen hinweg werden Bande gekn\u00fcpft, d\u00e4nische Staatsb\u00fcrger lassen sich im Ausland nieder, heiraten und bekommen Kinder \u2013 ausl\u00e4ndische Staatsb\u00fcrger ziehen nach D\u00e4nemark.<\/p>\n<p>Die Tatsache, dass eine Person Staatsb\u00fcrger in einem anderen Land ist als dem, in welchem sie wohnt, ist nur eines einer Reihe von Szenarien, welches Anlass f\u00fcr \u00dcberlegungen familien- \/erbrechtlicher Art geben kann. Dazu geh\u00f6rt zum Beispiel die Beachtung l\u00e4nderspezifischen Scheidungs- oder Erbschaftssituationen.<\/p>\n<p>Fabritius Tengnagel &amp; Heine erteilt Beratung \u00fcber internationales Familien-\/Erbrecht, darunter:<\/p>\n<ul>\n<li>Beurteilung von Gesetzwahlsfragen mit Bezug auf internationale Erb- und Eheverfahren,<\/li>\n<li>Errichtung von G\u00fctertrennung und Erstellung von Testamenten bei internationalen Ehe- bzw. gemeinschaftlichen Lebensverh\u00e4ltnissen,<\/li>\n<li>Durchf\u00fchrung von teilweisen Nachlassverwaltungen in D\u00e4nemark,<\/li>\n<li>Anerkennung von im Ausland vorgenommenen Trauungen und<\/li>\n<li>Aufl\u00f6sung eingegangener Ehen (au\u03b2erhalb D\u00e4nemarks), wo die M\u00f6glichkeit besteht, ein Verfahren in D\u00e4nemark zu er\u00f6ffnen oder die Ehe laut d\u00e4nischem Recht aufzul\u00f6sen.<\/li>\n<\/ul>\n<h4>Internationale Schiedsverfahren<\/h4>\n<p>Fabritius Tengnagel &amp; Heine haben Erfahrung mit Beistand f\u00fcr Mandanten sowohl bei d\u00e4nischen wie internationalen Schiedsverfahren, darunter Verfahren bei dem D\u00e4nischen Schiedsverfahrensinstitut (Det Danske Voldgiftsinstitut), dem Schiedsausschuss f\u00fcr Bau- und Anlageaktivit\u00e4ten (Voldgiftsn\u00e6vnet for Bygge- og anl\u00e6gsvirksomhed), der Internationalen Handelskammer, ICC (The International Chamber of Commerce) sowie ad hoc Schiedsverfahren. Wir besitzen somit Wissen \u00fcber die speziellen Normen, Routinen und besonderen Prozessprozeduren, die f\u00fcr diese Art von F\u00e4llen relevant sind. Ben\u00f6tigen Sie Hilfe eine Schiedsklage oder eine Schiedserwiederung zu beantragen, sind Sie bei uns gut betreut.[\/vc_column_text][\/vc_column][\/vc_row][vc_row type=&#8220;in_container&#8220; full_screen_row_position=&#8220;middle&#8220; column_margin=&#8220;default&#8220; scene_position=&#8220;center&#8220; text_color=&#8220;dark&#8220; text_align=&#8220;left&#8220; overlay_strength=&#8220;0.3&#8243; shape_divider_position=&#8220;bottom&#8220; bg_image_animation=&#8220;none&#8220;][vc_column column_padding=&#8220;no-extra-padding&#8220; column_padding_position=&#8220;all&#8220; background_color_opacity=&#8220;1&#8243; background_hover_color_opacity=&#8220;1&#8243; column_link_target=&#8220;_self&#8220; column_shadow=&#8220;none&#8220; column_border_radius=&#8220;none&#8220; width=&#8220;1\/1&#8243; tablet_width_inherit=&#8220;default&#8220; tablet_text_alignment=&#8220;default&#8220; phone_text_alignment=&#8220;default&#8220; overlay_strength=&#8220;0.3&#8243; column_border_width=&#8220;none&#8220; column_border_style=&#8220;solid&#8220; bg_image_animation=&#8220;none&#8220;][divider line_type=&#8220;Full Width Line&#8220; line_thickness=&#8220;1&#8243; divider_color=&#8220;extra-color-gradient-1&#8243;][\/vc_column][\/vc_row][vc_row type=&#8220;in_container&#8220; full_screen_row_position=&#8220;middle&#8220; column_margin=&#8220;default&#8220; scene_position=&#8220;center&#8220; text_color=&#8220;dark&#8220; text_align=&#8220;left&#8220; class=&#8220;kontakt-box&#8220; overlay_strength=&#8220;0.3&#8243; shape_divider_position=&#8220;bottom&#8220; bg_image_animation=&#8220;none&#8220; shape_type=&#8220;&#8220;][vc_column column_padding=&#8220;no-extra-padding&#8220; column_padding_position=&#8220;all&#8220; background_color_opacity=&#8220;1&#8243; background_hover_color_opacity=&#8220;1&#8243; column_link_target=&#8220;_self&#8220; column_shadow=&#8220;none&#8220; column_border_radius=&#8220;none&#8220; width=&#8220;1\/1&#8243; tablet_width_inherit=&#8220;default&#8220; tablet_text_alignment=&#8220;default&#8220; phone_text_alignment=&#8220;default&#8220; overlay_strength=&#8220;0.3&#8243; column_border_width=&#8220;none&#8220; column_border_style=&#8220;solid&#8220; bg_image_animation=&#8220;none&#8220;][vc_column_text]Wenn Sie Fragen haben, wenden Sie sich bitte an:<\/p>\n<p>Partner<br \/>\n<b>S\u00f8ren Locher<\/b><br \/>\nEmail:\u00a0<a href=\"mailto:shl@dklaw.dk\">shl@dklaw.dk<\/a><br \/>\nTel: <a class=\"woo-sc-button red small\" href=\"tel:+4533136920\"><span class=\"woo-\">+45 33 13 69 20<\/span><\/a>[\/vc_column_text][\/vc_column][\/vc_row]\n","protected":false},"excerpt":{"rendered":"<p>[vc_row type=&#8220;in_container&#8220; full_screen_row_position=&#8220;middle&#8220; column_margin=&#8220;default&#8220; scene_position=&#8220;center&#8220; text_color=&#8220;dark&#8220; text_align=&#8220;left&#8220; overlay_strength=&#8220;0.3&#8243; shape_divider_position=&#8220;bottom&#8220; bg_image_animation=&#8220;none&#8220;][vc_column column_padding=&#8220;padding-3-percent&#8220; column_padding_position=&#8220;right&#8220; background_color_opacity=&#8220;1&#8243; background_hover_color_opacity=&#8220;1&#8243; column_link_target=&#8220;_self&#8220; column_shadow=&#8220;none&#8220; column_border_radius=&#8220;none&#8220; width=&#8220;1\/1&#8243; tablet_width_inherit=&#8220;default&#8220; tablet_text_alignment=&#8220;default&#8220; phone_text_alignment=&#8220;default&#8220; overlay_strength=&#8220;0.3&#8243; column_border_width=&#8220;none&#8220; column_border_style=&#8220;solid&#8220; bg_image_animation=&#8220;none&#8220;][vc_column_text] Internationales Recht Internationales Familienrecht und&#8230;<\/p>\n","protected":false},"author":3,"featured_media":0,"parent":0,"menu_order":0,"comment_status":"closed","ping_status":"closed","template":"page-sidebar.php","meta":{"footnotes":""},"class_list":["post-6148","page","type-page","status-publish"],"yoast_head":"<!-- This site is optimized with the Yoast SEO plugin v27.4 - https:\/\/yoast.com\/product\/yoast-seo-wordpress\/ -->\n<title>Internationales Recht - Fabritius Tengnagel &amp; Heine Anw\u00e4lte<\/title>\n<meta name=\"description\" content=\"Unsere Anw\u00e4lte sind auf internationales Recht spezialisiert. Wir bieten professionelle Beratung \u00fcber Grenzen hinweg. Hier erfahren Sie mehr.\" \/>\n<meta name=\"robots\" content=\"index, follow, max-snippet:-1, max-image-preview:large, max-video-preview:-1\" \/>\n<link rel=\"canonical\" href=\"https:\/\/dklaw.dk\/de\/internationales-recht\/\" \/>\n<meta property=\"og:locale\" content=\"de_DE\" \/>\n<meta property=\"og:type\" content=\"article\" \/>\n<meta property=\"og:title\" content=\"Internationales Recht - Fabritius Tengnagel &amp; Heine Anw\u00e4lte\" \/>\n<meta property=\"og:description\" content=\"Unsere Anw\u00e4lte sind auf internationales Recht spezialisiert. Wir bieten professionelle Beratung \u00fcber Grenzen hinweg. Hier erfahren Sie mehr.\" \/>\n<meta property=\"og:url\" content=\"https:\/\/dklaw.dk\/de\/internationales-recht\/\" \/>\n<meta property=\"og:site_name\" content=\"Advokatkontoret Fabritius Tengnagel &amp; Heine\" \/>\n<meta property=\"article:modified_time\" content=\"2023-08-18T08:45:17+00:00\" \/>\n<meta name=\"twitter:card\" content=\"summary_large_image\" \/>\n<meta name=\"twitter:label1\" content=\"Gesch\u00e4tzte Lesezeit\" \/>\n\t<meta name=\"twitter:data1\" content=\"2\u00a0Minuten\" \/>\n<script type=\"application\/ld+json\" class=\"yoast-schema-graph\">{\"@context\":\"https:\\\/\\\/schema.org\",\"@graph\":[{\"@type\":\"WebPage\",\"@id\":\"https:\\\/\\\/dklaw.dk\\\/de\\\/internationales-recht\\\/\",\"url\":\"https:\\\/\\\/dklaw.dk\\\/de\\\/internationales-recht\\\/\",\"name\":\"Internationales Recht - Fabritius Tengnagel & Heine Anw\u00e4lte\",\"isPartOf\":{\"@id\":\"https:\\\/\\\/dklaw.dk\\\/#website\"},\"datePublished\":\"2018-03-22T10:39:45+00:00\",\"dateModified\":\"2023-08-18T08:45:17+00:00\",\"description\":\"Unsere Anw\u00e4lte sind auf internationales Recht spezialisiert. Wir bieten professionelle Beratung \u00fcber Grenzen hinweg. Hier erfahren Sie mehr.\",\"breadcrumb\":{\"@id\":\"https:\\\/\\\/dklaw.dk\\\/de\\\/internationales-recht\\\/#breadcrumb\"},\"inLanguage\":\"de\",\"potentialAction\":[{\"@type\":\"ReadAction\",\"target\":[\"https:\\\/\\\/dklaw.dk\\\/de\\\/internationales-recht\\\/\"]}]},{\"@type\":\"BreadcrumbList\",\"@id\":\"https:\\\/\\\/dklaw.dk\\\/de\\\/internationales-recht\\\/#breadcrumb\",\"itemListElement\":[{\"@type\":\"ListItem\",\"position\":1,\"name\":\"Hjem\",\"item\":\"https:\\\/\\\/dklaw.dk\\\/de\\\/\"},{\"@type\":\"ListItem\",\"position\":2,\"name\":\"Internationales Recht\"}]},{\"@type\":\"WebSite\",\"@id\":\"https:\\\/\\\/dklaw.dk\\\/#website\",\"url\":\"https:\\\/\\\/dklaw.dk\\\/\",\"name\":\"Advokatkontoret Fabritius Tengnagel &amp; Heine\",\"description\":\"Advokatkontor i K\u00f8benhavn\",\"potentialAction\":[{\"@type\":\"SearchAction\",\"target\":{\"@type\":\"EntryPoint\",\"urlTemplate\":\"https:\\\/\\\/dklaw.dk\\\/?s={search_term_string}\"},\"query-input\":{\"@type\":\"PropertyValueSpecification\",\"valueRequired\":true,\"valueName\":\"search_term_string\"}}],\"inLanguage\":\"de\"}]}<\/script>\n<!-- \/ Yoast SEO plugin. -->","yoast_head_json":{"title":"Internationales Recht - Fabritius Tengnagel & Heine Anw\u00e4lte","description":"Unsere Anw\u00e4lte sind auf internationales Recht spezialisiert. Wir bieten professionelle Beratung \u00fcber Grenzen hinweg. Hier erfahren Sie mehr.","robots":{"index":"index","follow":"follow","max-snippet":"max-snippet:-1","max-image-preview":"max-image-preview:large","max-video-preview":"max-video-preview:-1"},"canonical":"https:\/\/dklaw.dk\/de\/internationales-recht\/","og_locale":"de_DE","og_type":"article","og_title":"Internationales Recht - Fabritius Tengnagel & Heine Anw\u00e4lte","og_description":"Unsere Anw\u00e4lte sind auf internationales Recht spezialisiert. Wir bieten professionelle Beratung \u00fcber Grenzen hinweg. Hier erfahren Sie mehr.","og_url":"https:\/\/dklaw.dk\/de\/internationales-recht\/","og_site_name":"Advokatkontoret Fabritius Tengnagel &amp; Heine","article_modified_time":"2023-08-18T08:45:17+00:00","twitter_card":"summary_large_image","twitter_misc":{"Gesch\u00e4tzte Lesezeit":"2\u00a0Minuten"},"schema":{"@context":"https:\/\/schema.org","@graph":[{"@type":"WebPage","@id":"https:\/\/dklaw.dk\/de\/internationales-recht\/","url":"https:\/\/dklaw.dk\/de\/internationales-recht\/","name":"Internationales Recht - Fabritius Tengnagel & Heine Anw\u00e4lte","isPartOf":{"@id":"https:\/\/dklaw.dk\/#website"},"datePublished":"2018-03-22T10:39:45+00:00","dateModified":"2023-08-18T08:45:17+00:00","description":"Unsere Anw\u00e4lte sind auf internationales Recht spezialisiert. Wir bieten professionelle Beratung \u00fcber Grenzen hinweg. Hier erfahren Sie mehr.","breadcrumb":{"@id":"https:\/\/dklaw.dk\/de\/internationales-recht\/#breadcrumb"},"inLanguage":"de","potentialAction":[{"@type":"ReadAction","target":["https:\/\/dklaw.dk\/de\/internationales-recht\/"]}]},{"@type":"BreadcrumbList","@id":"https:\/\/dklaw.dk\/de\/internationales-recht\/#breadcrumb","itemListElement":[{"@type":"ListItem","position":1,"name":"Hjem","item":"https:\/\/dklaw.dk\/de\/"},{"@type":"ListItem","position":2,"name":"Internationales Recht"}]},{"@type":"WebSite","@id":"https:\/\/dklaw.dk\/#website","url":"https:\/\/dklaw.dk\/","name":"Advokatkontoret Fabritius Tengnagel &amp; Heine","description":"Advokatkontor i K\u00f8benhavn","potentialAction":[{"@type":"SearchAction","target":{"@type":"EntryPoint","urlTemplate":"https:\/\/dklaw.dk\/?s={search_term_string}"},"query-input":{"@type":"PropertyValueSpecification","valueRequired":true,"valueName":"search_term_string"}}],"inLanguage":"de"}]}},"_links":{"self":[{"href":"https:\/\/dklaw.dk\/de\/wp-json\/wp\/v2\/pages\/6148","targetHints":{"allow":["GET"]}}],"collection":[{"href":"https:\/\/dklaw.dk\/de\/wp-json\/wp\/v2\/pages"}],"about":[{"href":"https:\/\/dklaw.dk\/de\/wp-json\/wp\/v2\/types\/page"}],"author":[{"embeddable":true,"href":"https:\/\/dklaw.dk\/de\/wp-json\/wp\/v2\/users\/3"}],"replies":[{"embeddable":true,"href":"https:\/\/dklaw.dk\/de\/wp-json\/wp\/v2\/comments?post=6148"}],"version-history":[{"count":2,"href":"https:\/\/dklaw.dk\/de\/wp-json\/wp\/v2\/pages\/6148\/revisions"}],"predecessor-version":[{"id":7538,"href":"https:\/\/dklaw.dk\/de\/wp-json\/wp\/v2\/pages\/6148\/revisions\/7538"}],"wp:attachment":[{"href":"https:\/\/dklaw.dk\/de\/wp-json\/wp\/v2\/media?parent=6148"}],"curies":[{"name":"wp","href":"https:\/\/api.w.org\/{rel}","templated":true}]}}