{"id":6157,"date":"2018-03-22T13:30:29","date_gmt":"2018-03-22T12:30:29","guid":{"rendered":"http:\/\/cphpub.com\/dklaw\/?page_id=6157"},"modified":"2023-08-18T10:46:15","modified_gmt":"2023-08-18T08:46:15","slug":"strafrecht","status":"publish","type":"page","link":"https:\/\/dklaw.dk\/de\/strafrecht\/","title":{"rendered":"Wirtschaftskriminalit\u00e4t"},"content":{"rendered":"[vc_row type=&#8220;in_container&#8220; full_screen_row_position=&#8220;middle&#8220; column_margin=&#8220;default&#8220; scene_position=&#8220;center&#8220; text_color=&#8220;dark&#8220; text_align=&#8220;left&#8220; overlay_strength=&#8220;0.3&#8243; shape_divider_position=&#8220;bottom&#8220; bg_image_animation=&#8220;none&#8220;][vc_column column_padding=&#8220;padding-3-percent&#8220; column_padding_position=&#8220;right&#8220; background_color_opacity=&#8220;1&#8243; background_hover_color_opacity=&#8220;1&#8243; column_link_target=&#8220;_self&#8220; column_shadow=&#8220;none&#8220; column_border_radius=&#8220;none&#8220; width=&#8220;1\/1&#8243; tablet_width_inherit=&#8220;default&#8220; tablet_text_alignment=&#8220;default&#8220; phone_text_alignment=&#8220;default&#8220; overlay_strength=&#8220;0.3&#8243; column_border_width=&#8220;none&#8220; column_border_style=&#8220;solid&#8220; bg_image_animation=&#8220;none&#8220;][vc_column_text]\n<h3>Wirtschaftskriminalit\u00e4t<\/h3>\n<p>Einige der Anw\u00e4lte unserer Kanzlei sind Fachanw\u00e4lte f\u00fcr Strafrecht (vom Justizministerium autorisiert) und Strafrecht war immer ein nat\u00fcrlicher Teil unseres Gesch\u00e4ftsbereichs. Wir glauben fest daran, dass die wichtigste Funktion eines Anwalts in einem Rechtsstaat die des Verteidigers ist. Niemand ist schuldig, bevor das Gegenteil bewiesen ist.<\/p>\n<p>Wir haben uns besonders auf Prozesse im Bereich Wirtschaftskriminalit\u00e4t spezialisiert, da die Anw\u00e4lte unserer Kanzlei \u00fcber die Jahre gerade hier h\u00f6chst kompetent wurden. Der \u201eTvind-Prozess\u201d, der \u201eFarum-Prozess\u201d und der \u201eUnternehmensausbeuter-Prozess\u201d sind nur einige der Prozesse der letzten Zeit, in denen die Anw\u00e4lte unserer Kanzlei die Verteidigung der Angeklagten \u00fcbernommen haben.[\/vc_column_text][\/vc_column][\/vc_row][vc_row type=&#8220;in_container&#8220; full_screen_row_position=&#8220;middle&#8220; column_margin=&#8220;default&#8220; scene_position=&#8220;center&#8220; text_color=&#8220;dark&#8220; text_align=&#8220;left&#8220; overlay_strength=&#8220;0.3&#8243; shape_divider_position=&#8220;bottom&#8220; bg_image_animation=&#8220;none&#8220;][vc_column column_padding=&#8220;no-extra-padding&#8220; column_padding_position=&#8220;all&#8220; background_color_opacity=&#8220;1&#8243; background_hover_color_opacity=&#8220;1&#8243; column_link_target=&#8220;_self&#8220; column_shadow=&#8220;none&#8220; column_border_radius=&#8220;none&#8220; width=&#8220;1\/1&#8243; tablet_width_inherit=&#8220;default&#8220; tablet_text_alignment=&#8220;default&#8220; phone_text_alignment=&#8220;default&#8220; overlay_strength=&#8220;0.3&#8243; column_border_width=&#8220;none&#8220; column_border_style=&#8220;solid&#8220; bg_image_animation=&#8220;none&#8220;][divider line_type=&#8220;Full Width Line&#8220; line_thickness=&#8220;1&#8243; divider_color=&#8220;extra-color-gradient-1&#8243;][\/vc_column][\/vc_row][vc_row type=&#8220;in_container&#8220; full_screen_row_position=&#8220;middle&#8220; column_margin=&#8220;default&#8220; scene_position=&#8220;center&#8220; text_color=&#8220;dark&#8220; text_align=&#8220;left&#8220; class=&#8220;kontakt-box&#8220; overlay_strength=&#8220;0.3&#8243; shape_divider_position=&#8220;bottom&#8220; bg_image_animation=&#8220;none&#8220; shape_type=&#8220;&#8220;][vc_column column_padding=&#8220;no-extra-padding&#8220; column_padding_position=&#8220;all&#8220; background_color_opacity=&#8220;1&#8243; background_hover_color_opacity=&#8220;1&#8243; column_link_target=&#8220;_self&#8220; column_shadow=&#8220;none&#8220; column_border_radius=&#8220;none&#8220; width=&#8220;1\/1&#8243; tablet_width_inherit=&#8220;default&#8220; tablet_text_alignment=&#8220;default&#8220; phone_text_alignment=&#8220;default&#8220; overlay_strength=&#8220;0.3&#8243; column_border_width=&#8220;none&#8220; column_border_style=&#8220;solid&#8220; bg_image_animation=&#8220;none&#8220;][vc_column_text]Wenn Sie Fragen haben, wenden Sie sich bitte an:<\/p>\n<p>Partner<br \/>\n<strong>S\u00f8ren Locher<\/strong><br \/>\nEmail:\u00a0<a href=\"mailto:shl@dklaw.dk\">shl@dklaw.dk<\/a><br \/>\nTel: <a class=\"woo-sc-button red small\" href=\"tel:+4533136920\"><span class=\"woo-\">+45 33 13 69 20<\/span><\/a>[\/vc_column_text][\/vc_column][\/vc_row]\n","protected":false},"excerpt":{"rendered":"<p>[vc_row type=&#8220;in_container&#8220; full_screen_row_position=&#8220;middle&#8220; column_margin=&#8220;default&#8220; scene_position=&#8220;center&#8220; text_color=&#8220;dark&#8220; text_align=&#8220;left&#8220; overlay_strength=&#8220;0.3&#8243; shape_divider_position=&#8220;bottom&#8220; bg_image_animation=&#8220;none&#8220;][vc_column column_padding=&#8220;padding-3-percent&#8220; column_padding_position=&#8220;right&#8220; background_color_opacity=&#8220;1&#8243; background_hover_color_opacity=&#8220;1&#8243; column_link_target=&#8220;_self&#8220; column_shadow=&#8220;none&#8220; column_border_radius=&#8220;none&#8220; width=&#8220;1\/1&#8243; tablet_width_inherit=&#8220;default&#8220; tablet_text_alignment=&#8220;default&#8220; phone_text_alignment=&#8220;default&#8220; overlay_strength=&#8220;0.3&#8243; column_border_width=&#8220;none&#8220; column_border_style=&#8220;solid&#8220; bg_image_animation=&#8220;none&#8220;][vc_column_text] Wirtschaftskriminalit\u00e4t Einige der Anw\u00e4lte unserer&#8230;<\/p>\n","protected":false},"author":3,"featured_media":0,"parent":0,"menu_order":0,"comment_status":"closed","ping_status":"closed","template":"page-sidebar.php","meta":{"footnotes":""},"class_list":["post-6157","page","type-page","status-publish"],"yoast_head":"<!-- This site is optimized with the Yoast SEO plugin v27.4 - https:\/\/yoast.com\/product\/yoast-seo-wordpress\/ -->\n<title>Strafverteidiger - Fabritius Tengnagel &amp; Heine Anw\u00e4lte<\/title>\n<meta name=\"description\" content=\"Erfahrene Strafverteidiger, die ausschlie\u00dflich Ihre Interessen vertreten und Sie vor Gericht vertreten. Hier erfahren Sie mehr.\" \/>\n<meta name=\"robots\" content=\"index, follow, max-snippet:-1, max-image-preview:large, max-video-preview:-1\" \/>\n<link rel=\"canonical\" href=\"https:\/\/dklaw.dk\/de\/strafrecht\/\" \/>\n<meta property=\"og:locale\" content=\"de_DE\" \/>\n<meta property=\"og:type\" content=\"article\" \/>\n<meta property=\"og:title\" content=\"Strafverteidiger - Fabritius Tengnagel &amp; Heine Anw\u00e4lte\" \/>\n<meta property=\"og:description\" content=\"Erfahrene Strafverteidiger, die ausschlie\u00dflich Ihre Interessen vertreten und Sie vor Gericht vertreten. Hier erfahren Sie mehr.\" \/>\n<meta property=\"og:url\" content=\"https:\/\/dklaw.dk\/de\/strafrecht\/\" \/>\n<meta property=\"og:site_name\" content=\"Advokatkontoret Fabritius Tengnagel &amp; Heine\" \/>\n<meta property=\"article:modified_time\" content=\"2023-08-18T08:46:15+00:00\" \/>\n<meta name=\"twitter:card\" content=\"summary_large_image\" \/>\n<meta name=\"twitter:label1\" content=\"Gesch\u00e4tzte Lesezeit\" \/>\n\t<meta name=\"twitter:data1\" content=\"2\u00a0Minuten\" \/>\n<script type=\"application\/ld+json\" class=\"yoast-schema-graph\">{\"@context\":\"https:\\\/\\\/schema.org\",\"@graph\":[{\"@type\":\"WebPage\",\"@id\":\"https:\\\/\\\/dklaw.dk\\\/de\\\/strafrecht\\\/\",\"url\":\"https:\\\/\\\/dklaw.dk\\\/de\\\/strafrecht\\\/\",\"name\":\"Strafverteidiger - Fabritius Tengnagel & Heine Anw\u00e4lte\",\"isPartOf\":{\"@id\":\"https:\\\/\\\/dklaw.dk\\\/#website\"},\"datePublished\":\"2018-03-22T12:30:29+00:00\",\"dateModified\":\"2023-08-18T08:46:15+00:00\",\"description\":\"Erfahrene Strafverteidiger, die ausschlie\u00dflich Ihre Interessen vertreten und Sie vor Gericht vertreten. Hier erfahren Sie mehr.\",\"breadcrumb\":{\"@id\":\"https:\\\/\\\/dklaw.dk\\\/de\\\/strafrecht\\\/#breadcrumb\"},\"inLanguage\":\"de\",\"potentialAction\":[{\"@type\":\"ReadAction\",\"target\":[\"https:\\\/\\\/dklaw.dk\\\/de\\\/strafrecht\\\/\"]}]},{\"@type\":\"BreadcrumbList\",\"@id\":\"https:\\\/\\\/dklaw.dk\\\/de\\\/strafrecht\\\/#breadcrumb\",\"itemListElement\":[{\"@type\":\"ListItem\",\"position\":1,\"name\":\"Hjem\",\"item\":\"https:\\\/\\\/dklaw.dk\\\/de\\\/\"},{\"@type\":\"ListItem\",\"position\":2,\"name\":\"Wirtschaftskriminalit\u00e4t\"}]},{\"@type\":\"WebSite\",\"@id\":\"https:\\\/\\\/dklaw.dk\\\/#website\",\"url\":\"https:\\\/\\\/dklaw.dk\\\/\",\"name\":\"Advokatkontoret Fabritius Tengnagel &amp; Heine\",\"description\":\"Advokatkontor i K\u00f8benhavn\",\"potentialAction\":[{\"@type\":\"SearchAction\",\"target\":{\"@type\":\"EntryPoint\",\"urlTemplate\":\"https:\\\/\\\/dklaw.dk\\\/?s={search_term_string}\"},\"query-input\":{\"@type\":\"PropertyValueSpecification\",\"valueRequired\":true,\"valueName\":\"search_term_string\"}}],\"inLanguage\":\"de\"}]}<\/script>\n<!-- \/ Yoast SEO plugin. -->","yoast_head_json":{"title":"Strafverteidiger - Fabritius Tengnagel & Heine Anw\u00e4lte","description":"Erfahrene Strafverteidiger, die ausschlie\u00dflich Ihre Interessen vertreten und Sie vor Gericht vertreten. Hier erfahren Sie mehr.","robots":{"index":"index","follow":"follow","max-snippet":"max-snippet:-1","max-image-preview":"max-image-preview:large","max-video-preview":"max-video-preview:-1"},"canonical":"https:\/\/dklaw.dk\/de\/strafrecht\/","og_locale":"de_DE","og_type":"article","og_title":"Strafverteidiger - Fabritius Tengnagel & Heine Anw\u00e4lte","og_description":"Erfahrene Strafverteidiger, die ausschlie\u00dflich Ihre Interessen vertreten und Sie vor Gericht vertreten. Hier erfahren Sie mehr.","og_url":"https:\/\/dklaw.dk\/de\/strafrecht\/","og_site_name":"Advokatkontoret Fabritius Tengnagel &amp; Heine","article_modified_time":"2023-08-18T08:46:15+00:00","twitter_card":"summary_large_image","twitter_misc":{"Gesch\u00e4tzte Lesezeit":"2\u00a0Minuten"},"schema":{"@context":"https:\/\/schema.org","@graph":[{"@type":"WebPage","@id":"https:\/\/dklaw.dk\/de\/strafrecht\/","url":"https:\/\/dklaw.dk\/de\/strafrecht\/","name":"Strafverteidiger - Fabritius Tengnagel & Heine Anw\u00e4lte","isPartOf":{"@id":"https:\/\/dklaw.dk\/#website"},"datePublished":"2018-03-22T12:30:29+00:00","dateModified":"2023-08-18T08:46:15+00:00","description":"Erfahrene Strafverteidiger, die ausschlie\u00dflich Ihre Interessen vertreten und Sie vor Gericht vertreten. Hier erfahren Sie mehr.","breadcrumb":{"@id":"https:\/\/dklaw.dk\/de\/strafrecht\/#breadcrumb"},"inLanguage":"de","potentialAction":[{"@type":"ReadAction","target":["https:\/\/dklaw.dk\/de\/strafrecht\/"]}]},{"@type":"BreadcrumbList","@id":"https:\/\/dklaw.dk\/de\/strafrecht\/#breadcrumb","itemListElement":[{"@type":"ListItem","position":1,"name":"Hjem","item":"https:\/\/dklaw.dk\/de\/"},{"@type":"ListItem","position":2,"name":"Wirtschaftskriminalit\u00e4t"}]},{"@type":"WebSite","@id":"https:\/\/dklaw.dk\/#website","url":"https:\/\/dklaw.dk\/","name":"Advokatkontoret Fabritius Tengnagel &amp; Heine","description":"Advokatkontor i K\u00f8benhavn","potentialAction":[{"@type":"SearchAction","target":{"@type":"EntryPoint","urlTemplate":"https:\/\/dklaw.dk\/?s={search_term_string}"},"query-input":{"@type":"PropertyValueSpecification","valueRequired":true,"valueName":"search_term_string"}}],"inLanguage":"de"}]}},"_links":{"self":[{"href":"https:\/\/dklaw.dk\/de\/wp-json\/wp\/v2\/pages\/6157","targetHints":{"allow":["GET"]}}],"collection":[{"href":"https:\/\/dklaw.dk\/de\/wp-json\/wp\/v2\/pages"}],"about":[{"href":"https:\/\/dklaw.dk\/de\/wp-json\/wp\/v2\/types\/page"}],"author":[{"embeddable":true,"href":"https:\/\/dklaw.dk\/de\/wp-json\/wp\/v2\/users\/3"}],"replies":[{"embeddable":true,"href":"https:\/\/dklaw.dk\/de\/wp-json\/wp\/v2\/comments?post=6157"}],"version-history":[{"count":4,"href":"https:\/\/dklaw.dk\/de\/wp-json\/wp\/v2\/pages\/6157\/revisions"}],"predecessor-version":[{"id":7571,"href":"https:\/\/dklaw.dk\/de\/wp-json\/wp\/v2\/pages\/6157\/revisions\/7571"}],"wp:attachment":[{"href":"https:\/\/dklaw.dk\/de\/wp-json\/wp\/v2\/media?parent=6157"}],"curies":[{"name":"wp","href":"https:\/\/api.w.org\/{rel}","templated":true}]}}