{"id":6340,"date":"2018-03-27T15:49:57","date_gmt":"2018-03-27T13:49:57","guid":{"rendered":"http:\/\/cphpub.com\/dklaw\/?page_id=6340"},"modified":"2018-04-09T14:58:15","modified_gmt":"2018-04-09T12:58:15","slug":"geschichte","status":"publish","type":"page","link":"https:\/\/dklaw.dk\/de\/profil\/geschichte\/","title":{"rendered":"Geschichte"},"content":{"rendered":"[vc_row type=&#8220;in_container&#8220; full_screen_row_position=&#8220;middle&#8220; scene_position=&#8220;center&#8220; text_color=&#8220;dark&#8220; text_align=&#8220;left&#8220; overlay_strength=&#8220;0.3&#8243; shape_divider_position=&#8220;bottom&#8220;][vc_column column_padding=&#8220;padding-3-percent&#8220; column_padding_position=&#8220;right&#8220; background_color_opacity=&#8220;1&#8243; background_hover_color_opacity=&#8220;1&#8243; column_shadow=&#8220;none&#8220; column_border_radius=&#8220;none&#8220; width=&#8220;1\/1&#8243; tablet_text_alignment=&#8220;default&#8220; phone_text_alignment=&#8220;default&#8220; column_border_width=&#8220;none&#8220; column_border_style=&#8220;solid&#8220;][vc_column_text]\n<h3>Geschichte<\/h3>\n<p>Die Geschichte der Rechtsanwaltskanzlei beginnt schon um 1865, wo der weitgreifende und tatenfreudige Anwalt Peter Frederik Engelbreth Casse (1837 \u2013 1920) seine Rechtsanwaltskanzlei in Kopenhagen gr\u00fcndete.<\/p>\n<p>Dass Peter Frederik Engelbreth Casse seine Anwaltskanzlei gr\u00fcndete war sozusagen selbstverst\u00e4ndlich, da er Sohn einer der gr\u00f6\u03b2ten juristischen Begabungen der damaligen Zeit, des ber\u00fchmten Justitiares am Obersten Gerichtshofe des Landes und Justizminister Dr. Jur. Andreas Lorenz Casse, war.<\/p>\n<p>Nach seiner Zeit als Bevollm\u00e4chtigter bei Rechtsanwalt Hindenburg am Obersten Gericht in den Jahren 1862 \u2013 1865, er\u00f6ffnete P. F. E. Casse seine eigene Anwaltskanzlei, vermochte jedoch gleichzeitig als Bevollm\u00e4chtigter auf Probe beim Oberlandes-, sowie beim Hof- und Stadtgericht (1866) und sp\u00e4ter als Prokurist bei s\u00e4mtlichen Ober- Land- und Stadtgerichten D\u00e4nemarks zu wirken. P.F.E Casse hat die Arbeit der Anwaltsfirma fast bis zu seinem Tode 1920 weitergef\u00fchrt. Zuvor hatte er jedoch seinen Schwiegersohn, Jon Krabbe zum Kompagnon ernannt.<\/p>\n<p>Beauftragter Jon Haraldsen Krabbe (1874 \u2013 1964) war, wie sein Kompagnon und Schwiegervater, im politischen Leben aktiv. Nach abgeschlossenem juristischen Staatsexamen im Jahre 1896 und Staatsexamen der politischen Wissenschaften (Cand. Polit.) 1898, wurde J. Krabbe als Mitarbeiter im Islandsministerium angestellt, wo er von 1909 \u2013 1920 Leiter war. J. Krabbe wurde gleichzeitig zum Beauftragten im Au\u00dfenministerium.<\/p>\n<p>Diese Aufgabe wurde mit weiteren Posten, wie dem des Gesandtschaftssekret\u00e4rs in der isl\u00e4ndischen Gesandtschaft (1920 \u2013 1953), isl\u00e4ndischer Gesch\u00e4ftstr\u00e4ger (1924 \u2013 1926 und 1940-1945) und als Islands-Repr\u00e4sentant in den skandinavischen Familienrechtskommissionen (1929 \u2013 1934), verbunden.<\/p>\n<p>Die vielen Aufgaben haben J. Krabbe jedoch nicht daran gehindert nach jener Zeit, als Bevollm\u00e4chtigter und Ernennung zum Rechtsanwalt am h\u00f6heren Gericht (1903), bei der von P.F.E Casse gegr\u00fcndeten Anwaltsfirma als Kompagnon, einzutreten. J. Krabbe gr\u00fcndete des Weiteren 1928 die Firma AG Investor, in welcher er bis 1949 Vorsitzender des Vorstandes war. J. Krabbe ist zugleich Autor des Buches \u201dErinnerungen an eine lange Beamtent\u00e4tigkeit\u201d (1959).<\/p>\n<p>J. Krabbe wirkte auch kostenfrei, eine Tradition, welche von den nachfolgenden Generationen weitergef\u00fchrt worden ist. Wie P.F.E. Casse, hat auch J. Krabbe fast bis zu seinem Tode 1964 in der Firma gearbeitet. Im Jahre 1915 hat Jon Krabbe eine offene Gesellschaft mit einem weiteren anerkannten Juristen, Kai Haack, gebildet.<\/p>\n<p>Kai A. Haack (1887 \u2013 1973) wurde Jurist 1911, und nach seiner Zeit als Prokurist, wurde K.A. Haack 1915 Anwalt beim Oberen Gericht. Abgesehen von einer kurzen Zeit als Referendar im Justizministerium, wirkte K.A. Haack als Rechtsanwalt seit seiner Ernennung bis zu seinem Tode 1973.<\/p>\n<p>Bevor sowohl J. Krabbe als auch K.A. Haack bzw. 1964 und 1973 starben, hatte ein neuer Prokurist die Firma Conrad Fabritius de Tengnagel gegr\u00fcndet. Conrad Fabritius de Tengnagel (1920 \u2013 2000) wurde nach abgeschlossenem juristischen Staatsexamen (1945) in den Jahren 1945 \u2013 1947 als Regierungsrat berufen. Danach wurde C.F. Tengnagel als Anwalt mit Prokura bei J. Krabbe eingestellt und war in dieser Zeit als Prokurist auch gleichzeitig Anwalt mit Prokura bei Kai Haack.<\/p>\n<p>1952 wurde C.F. Tengnagel Anwalt beim Landgericht und bekam sp\u00e4ter Zulassung beim Obersten Gerichtshof. In den Jahren 1945 \u2013 1965 hat C.F. Tengnagel gleichzeitig in bedeutendem Umfang als Repetitor an der Universit\u00e4t zu Kopenhagen gewirkt. Der Tradition folgend, wirkte C.F. Tengnagel auch kostenfrei in \u00f6ffentlichen Verfahren seit 1959 bis zu seinem freiwilligen R\u00fccktritt 1990.<\/p>\n<p>Fast in seiner ganzen aktiven Berufskarriere hat C.F. Tengnagel in dieser Weise zum Aufbau der Anwaltskanzlei beigetragen, welche heute den Namen Fabritius Tengnagel &amp; Heine tr\u00e4gt. Dar\u00fcber hinaus hat C.F. Tengnagel jedoch eine Reihe von Ehren\u00e4mtern innegehabt, wie u. a. als Mitglied des Kopenhagener Modernisierungauschusses (1969 \u2013 1972), Mitglied des Vorstandes des Kopenhagener Anwaltsvereines, Mitglied des ersten Anwaltskreises (1974 \u2013 1982) und Mitglied des Fl\u00fcchtlingsausschusses (1985 \u2013 1993).<\/p>\n<p>Im Jahre 1955 wurde Birthe Colberg-Hansen als Anw\u00e4ltin mit Prokura bei C.F. Tengnagel eingestellt. Nach absolvierter Zeit als Prokuristin hat sie ihre Karriere als Anw\u00e4ltin und Kompagnon in der Firma fortgesetzt. Kurze Zeit nach ihrer Einstellung hat Birthe Colberg-Hansen die Ehe mit C.F. Tengnagel geschlossen und in einer Reihe von Jahren wurde die Anwaltskanzlei auf Teilhaberschaftsbasis zwischen Jon Krabbe, Kai Haack, C.F. Tengnagel und B.F. Tengnagel weitergef\u00fchrt.<\/p>\n<p>Nach dem Tode Jon Krabbes 1964 haben die drei letztgenannten die Arbeit der Firma weitergef\u00fchrt bis zum Tode Kai Haacks 1973. Auf Grund des allzu fr\u00fchen Todes B.F. Tengnagels 1974, stand C.F. Tengnagel allein mit der Weiterf\u00fchrung des Anwaltb\u00fcros. Danach wurde Niels Ulrik Heine als Anwalt mit Prokura eingestellt.<\/p>\n<p>Nach wohl\u00fcberstandener Zeit als Prokurist trat N.U. Heine 1980 dem Anwaltsb\u00fcros als Kompagnon bei, gefolgt von Conrad A. Fabritius de Tengnagel (C.F. Tengnagels Sohn). 1990 zog C.F. Tengnagel sich zur\u00fcck, hat aber in den darauf folgenden Jahren bis zu seinem Tode in einigen Vorst\u00e4nden weitergewirkt. Seit 1990 ist die Anwaltsfirma von C.A. Fabritius Tengnagel und Niels Ulrik Heine geleitet worden.<\/p>\n<p>Im Laufe der Jahre sind in der Anwaltskanzlei eine Reihe von Anwaltsprokuristen eingestellt und ausgebildet worden. Thomas B\u00f8gelund Norvold wurde 2006 eingestellt und S\u00f8ren Locher 2007. Beide sind im Fr\u00fchjahr 2008 Rechtanw\u00e4lte geworden und wurden am 1. Januar 2011 Mitinhaber der Kanzlei.[\/vc_column_text][\/vc_column][\/vc_row]\n","protected":false},"excerpt":{"rendered":"<p>[vc_row type=&#8220;in_container&#8220; full_screen_row_position=&#8220;middle&#8220; scene_position=&#8220;center&#8220; text_color=&#8220;dark&#8220; text_align=&#8220;left&#8220; overlay_strength=&#8220;0.3&#8243; shape_divider_position=&#8220;bottom&#8220;][vc_column column_padding=&#8220;padding-3-percent&#8220; column_padding_position=&#8220;right&#8220; background_color_opacity=&#8220;1&#8243; background_hover_color_opacity=&#8220;1&#8243; column_shadow=&#8220;none&#8220; column_border_radius=&#8220;none&#8220; width=&#8220;1\/1&#8243; tablet_text_alignment=&#8220;default&#8220; phone_text_alignment=&#8220;default&#8220; column_border_width=&#8220;none&#8220; column_border_style=&#8220;solid&#8220;][vc_column_text] Geschichte Die Geschichte der Rechtsanwaltskanzlei beginnt schon um 1865, wo der&#8230;<\/p>\n","protected":false},"author":3,"featured_media":0,"parent":5986,"menu_order":0,"comment_status":"closed","ping_status":"closed","template":"page-sidebar.php","meta":{"footnotes":""},"class_list":["post-6340","page","type-page","status-publish"],"yoast_head":"<!-- This site is optimized with the Yoast SEO plugin v27.4 - https:\/\/yoast.com\/product\/yoast-seo-wordpress\/ -->\n<title>Geschichte - Advokatkontoret Fabritius Tengnagel &amp; Heine<\/title>\n<meta name=\"robots\" content=\"index, follow, max-snippet:-1, max-image-preview:large, max-video-preview:-1\" \/>\n<link rel=\"canonical\" href=\"https:\/\/dklaw.dk\/de\/profil\/geschichte\/\" \/>\n<meta property=\"og:locale\" content=\"de_DE\" \/>\n<meta property=\"og:type\" content=\"article\" \/>\n<meta property=\"og:title\" content=\"Geschichte - Advokatkontoret Fabritius Tengnagel &amp; Heine\" \/>\n<meta property=\"og:description\" content=\"[vc_row type=&#8220;in_container&#8220; full_screen_row_position=&#8220;middle&#8220; scene_position=&#8220;center&#8220; text_color=&#8220;dark&#8220; text_align=&#8220;left&#8220; overlay_strength=&#8220;0.3&#8243; shape_divider_position=&#8220;bottom&#8220;][vc_column column_padding=&#8220;padding-3-percent&#8220; column_padding_position=&#8220;right&#8220; background_color_opacity=&#8220;1&#8243; background_hover_color_opacity=&#8220;1&#8243; column_shadow=&#8220;none&#8220; column_border_radius=&#8220;none&#8220; width=&#8220;1\/1&#8243; tablet_text_alignment=&#8220;default&#8220; phone_text_alignment=&#8220;default&#8220; column_border_width=&#8220;none&#8220; column_border_style=&#8220;solid&#8220;][vc_column_text] Geschichte Die Geschichte der Rechtsanwaltskanzlei beginnt schon um 1865, wo der...\" \/>\n<meta property=\"og:url\" content=\"https:\/\/dklaw.dk\/de\/profil\/geschichte\/\" \/>\n<meta property=\"og:site_name\" content=\"Advokatkontoret Fabritius Tengnagel &amp; Heine\" \/>\n<meta property=\"article:modified_time\" content=\"2018-04-09T12:58:15+00:00\" \/>\n<meta name=\"twitter:card\" content=\"summary_large_image\" \/>\n<meta name=\"twitter:label1\" content=\"Gesch\u00e4tzte Lesezeit\" \/>\n\t<meta name=\"twitter:data1\" content=\"4\u00a0Minuten\" \/>\n<script type=\"application\/ld+json\" class=\"yoast-schema-graph\">{\"@context\":\"https:\\\/\\\/schema.org\",\"@graph\":[{\"@type\":\"WebPage\",\"@id\":\"https:\\\/\\\/dklaw.dk\\\/de\\\/profil\\\/geschichte\\\/\",\"url\":\"https:\\\/\\\/dklaw.dk\\\/de\\\/profil\\\/geschichte\\\/\",\"name\":\"Geschichte - Advokatkontoret Fabritius Tengnagel &amp; Heine\",\"isPartOf\":{\"@id\":\"https:\\\/\\\/dklaw.dk\\\/#website\"},\"datePublished\":\"2018-03-27T13:49:57+00:00\",\"dateModified\":\"2018-04-09T12:58:15+00:00\",\"breadcrumb\":{\"@id\":\"https:\\\/\\\/dklaw.dk\\\/de\\\/profil\\\/geschichte\\\/#breadcrumb\"},\"inLanguage\":\"de\",\"potentialAction\":[{\"@type\":\"ReadAction\",\"target\":[\"https:\\\/\\\/dklaw.dk\\\/de\\\/profil\\\/geschichte\\\/\"]}]},{\"@type\":\"BreadcrumbList\",\"@id\":\"https:\\\/\\\/dklaw.dk\\\/de\\\/profil\\\/geschichte\\\/#breadcrumb\",\"itemListElement\":[{\"@type\":\"ListItem\",\"position\":1,\"name\":\"Hjem\",\"item\":\"https:\\\/\\\/dklaw.dk\\\/de\\\/\"},{\"@type\":\"ListItem\",\"position\":2,\"name\":\"Profil\",\"item\":\"https:\\\/\\\/dklaw.dk\\\/de\\\/profil\\\/\"},{\"@type\":\"ListItem\",\"position\":3,\"name\":\"Geschichte\"}]},{\"@type\":\"WebSite\",\"@id\":\"https:\\\/\\\/dklaw.dk\\\/#website\",\"url\":\"https:\\\/\\\/dklaw.dk\\\/\",\"name\":\"Advokatkontoret Fabritius Tengnagel &amp; Heine\",\"description\":\"Advokatkontor i K\u00f8benhavn\",\"potentialAction\":[{\"@type\":\"SearchAction\",\"target\":{\"@type\":\"EntryPoint\",\"urlTemplate\":\"https:\\\/\\\/dklaw.dk\\\/?s={search_term_string}\"},\"query-input\":{\"@type\":\"PropertyValueSpecification\",\"valueRequired\":true,\"valueName\":\"search_term_string\"}}],\"inLanguage\":\"de\"}]}<\/script>\n<!-- \/ Yoast SEO plugin. -->","yoast_head_json":{"title":"Geschichte - Advokatkontoret Fabritius Tengnagel &amp; Heine","robots":{"index":"index","follow":"follow","max-snippet":"max-snippet:-1","max-image-preview":"max-image-preview:large","max-video-preview":"max-video-preview:-1"},"canonical":"https:\/\/dklaw.dk\/de\/profil\/geschichte\/","og_locale":"de_DE","og_type":"article","og_title":"Geschichte - Advokatkontoret Fabritius Tengnagel &amp; Heine","og_description":"[vc_row type=&#8220;in_container&#8220; full_screen_row_position=&#8220;middle&#8220; scene_position=&#8220;center&#8220; text_color=&#8220;dark&#8220; text_align=&#8220;left&#8220; overlay_strength=&#8220;0.3&#8243; shape_divider_position=&#8220;bottom&#8220;][vc_column column_padding=&#8220;padding-3-percent&#8220; column_padding_position=&#8220;right&#8220; background_color_opacity=&#8220;1&#8243; background_hover_color_opacity=&#8220;1&#8243; column_shadow=&#8220;none&#8220; column_border_radius=&#8220;none&#8220; width=&#8220;1\/1&#8243; tablet_text_alignment=&#8220;default&#8220; phone_text_alignment=&#8220;default&#8220; column_border_width=&#8220;none&#8220; column_border_style=&#8220;solid&#8220;][vc_column_text] Geschichte Die Geschichte der Rechtsanwaltskanzlei beginnt schon um 1865, wo der...","og_url":"https:\/\/dklaw.dk\/de\/profil\/geschichte\/","og_site_name":"Advokatkontoret Fabritius Tengnagel &amp; Heine","article_modified_time":"2018-04-09T12:58:15+00:00","twitter_card":"summary_large_image","twitter_misc":{"Gesch\u00e4tzte Lesezeit":"4\u00a0Minuten"},"schema":{"@context":"https:\/\/schema.org","@graph":[{"@type":"WebPage","@id":"https:\/\/dklaw.dk\/de\/profil\/geschichte\/","url":"https:\/\/dklaw.dk\/de\/profil\/geschichte\/","name":"Geschichte - Advokatkontoret Fabritius Tengnagel &amp; Heine","isPartOf":{"@id":"https:\/\/dklaw.dk\/#website"},"datePublished":"2018-03-27T13:49:57+00:00","dateModified":"2018-04-09T12:58:15+00:00","breadcrumb":{"@id":"https:\/\/dklaw.dk\/de\/profil\/geschichte\/#breadcrumb"},"inLanguage":"de","potentialAction":[{"@type":"ReadAction","target":["https:\/\/dklaw.dk\/de\/profil\/geschichte\/"]}]},{"@type":"BreadcrumbList","@id":"https:\/\/dklaw.dk\/de\/profil\/geschichte\/#breadcrumb","itemListElement":[{"@type":"ListItem","position":1,"name":"Hjem","item":"https:\/\/dklaw.dk\/de\/"},{"@type":"ListItem","position":2,"name":"Profil","item":"https:\/\/dklaw.dk\/de\/profil\/"},{"@type":"ListItem","position":3,"name":"Geschichte"}]},{"@type":"WebSite","@id":"https:\/\/dklaw.dk\/#website","url":"https:\/\/dklaw.dk\/","name":"Advokatkontoret Fabritius Tengnagel &amp; Heine","description":"Advokatkontor i K\u00f8benhavn","potentialAction":[{"@type":"SearchAction","target":{"@type":"EntryPoint","urlTemplate":"https:\/\/dklaw.dk\/?s={search_term_string}"},"query-input":{"@type":"PropertyValueSpecification","valueRequired":true,"valueName":"search_term_string"}}],"inLanguage":"de"}]}},"_links":{"self":[{"href":"https:\/\/dklaw.dk\/de\/wp-json\/wp\/v2\/pages\/6340","targetHints":{"allow":["GET"]}}],"collection":[{"href":"https:\/\/dklaw.dk\/de\/wp-json\/wp\/v2\/pages"}],"about":[{"href":"https:\/\/dklaw.dk\/de\/wp-json\/wp\/v2\/types\/page"}],"author":[{"embeddable":true,"href":"https:\/\/dklaw.dk\/de\/wp-json\/wp\/v2\/users\/3"}],"replies":[{"embeddable":true,"href":"https:\/\/dklaw.dk\/de\/wp-json\/wp\/v2\/comments?post=6340"}],"version-history":[{"count":0,"href":"https:\/\/dklaw.dk\/de\/wp-json\/wp\/v2\/pages\/6340\/revisions"}],"up":[{"embeddable":true,"href":"https:\/\/dklaw.dk\/de\/wp-json\/wp\/v2\/pages\/5986"}],"wp:attachment":[{"href":"https:\/\/dklaw.dk\/de\/wp-json\/wp\/v2\/media?parent=6340"}],"curies":[{"name":"wp","href":"https:\/\/api.w.org\/{rel}","templated":true}]}}