{"id":5989,"date":"2018-03-15T10:40:25","date_gmt":"2018-03-15T09:40:25","guid":{"rendered":"http:\/\/cphpub.com\/dklaw\/?page_id=5989"},"modified":"2023-08-18T10:35:15","modified_gmt":"2023-08-18T08:35:15","slug":"profil","status":"publish","type":"page","link":"https:\/\/dklaw.dk\/fr\/profil\/","title":{"rendered":"Profil"},"content":{"rendered":"[vc_row type=\u00a0\u00bbin_container\u00a0\u00bb full_screen_row_position=\u00a0\u00bbmiddle\u00a0\u00bb scene_position=\u00a0\u00bbcenter\u00a0\u00bb text_color=\u00a0\u00bbdark\u00a0\u00bb text_align=\u00a0\u00bbleft\u00a0\u00bb overlay_strength=\u00a0\u00bb0.3&Prime; shape_divider_position=\u00a0\u00bbbottom\u00a0\u00bb][vc_column column_padding=\u00a0\u00bbpadding-3-percent\u00a0\u00bb column_padding_position=\u00a0\u00bbright\u00a0\u00bb background_color_opacity=\u00a0\u00bb1&Prime; background_hover_color_opacity=\u00a0\u00bb1&Prime; column_shadow=\u00a0\u00bbnone\u00a0\u00bb column_border_radius=\u00a0\u00bbnone\u00a0\u00bb width=\u00a0\u00bb1\/1&Prime; tablet_text_alignment=\u00a0\u00bbdefault\u00a0\u00bb phone_text_alignment=\u00a0\u00bbdefault\u00a0\u00bb column_border_width=\u00a0\u00bbnone\u00a0\u00bb column_border_style=\u00a0\u00bbsolid\u00a0\u00bb][vc_column_text]\n<h3>Profil<\/h3>\n<p>Notre philosophie repose sur l\u2019id\u00e9e que tout avocat doit avoir de bonnes connaissances g\u00e9n\u00e9rales pour dispenser des conseils de qualit\u00e9 dans ses propres domaines parfois tr\u00e8s sp\u00e9cialis\u00e9s.<\/p>\n<p>Nos juristes ont donc tous une formation g\u00e9n\u00e9rale de haut niveau qu\u2019ils ont enrichie de leur expertise dans des domaines sp\u00e9cifiques. Nous sommes particuli\u00e8rement attentifs \u00e0 ce que les juristes de notre cabinet coop\u00e8rent et s\u2019entraident au-del\u00e0 de leur domaine de comp\u00e9tence de mani\u00e8re \u00e0 ce que nos clients tirent parti de l\u2019expertise de chacun.<\/p>\n<p>L\u2019histoire de notre cabinet d\u2019avocats a commenc\u00e9 en 1865, ce qui en fait l\u2019un des plus anciens de Copenhague. Notre cabinet est situ\u00e9 au c\u0153ur de Frederiksstaden, dans l\u2019immeuble historique de Mecanicus Kretz construit au d\u00e9but du XVIIIe si\u00e8cle.[\/vc_column_text][\/vc_column][\/vc_row]\n","protected":false},"excerpt":{"rendered":"<p>[vc_row type=\u00a0\u00bbin_container\u00a0\u00bb full_screen_row_position=\u00a0\u00bbmiddle\u00a0\u00bb scene_position=\u00a0\u00bbcenter\u00a0\u00bb text_color=\u00a0\u00bbdark\u00a0\u00bb text_align=\u00a0\u00bbleft\u00a0\u00bb overlay_strength=\u00a0\u00bb0.3&Prime; shape_divider_position=\u00a0\u00bbbottom\u00a0\u00bb][vc_column column_padding=\u00a0\u00bbpadding-3-percent\u00a0\u00bb column_padding_position=\u00a0\u00bbright\u00a0\u00bb background_color_opacity=\u00a0\u00bb1&Prime; background_hover_color_opacity=\u00a0\u00bb1&Prime; column_shadow=\u00a0\u00bbnone\u00a0\u00bb column_border_radius=\u00a0\u00bbnone\u00a0\u00bb width=\u00a0\u00bb1\/1&Prime; tablet_text_alignment=\u00a0\u00bbdefault\u00a0\u00bb phone_text_alignment=\u00a0\u00bbdefault\u00a0\u00bb column_border_width=\u00a0\u00bbnone\u00a0\u00bb column_border_style=\u00a0\u00bbsolid\u00a0\u00bb][vc_column_text] Profil Notre philosophie repose sur l\u2019id\u00e9e que tout avocat doit avoir&#8230;<\/p>\n","protected":false},"author":3,"featured_media":0,"parent":0,"menu_order":0,"comment_status":"closed","ping_status":"closed","template":"page-sidebar.php","meta":{"footnotes":""},"class_list":["post-5989","page","type-page","status-publish"],"yoast_head":"<!-- This site is optimized with the Yoast SEO plugin v27.5 - https:\/\/yoast.com\/product\/yoast-seo-wordpress\/ -->\n<title>Cabinet d&#039;avocats Copenhague - Fabritius Tengnagel &amp; Heine Avocats<\/title>\n<meta name=\"description\" content=\"Nous sommes un cabinet d&#039;avocats renomm\u00e9 \u00e0 Copenhague avec des avocats exp\u00e9riment\u00e9s. Contactez-nous pour des conseils professionnels. En savoir plus ici.\" \/>\n<meta name=\"robots\" content=\"index, follow, max-snippet:-1, max-image-preview:large, max-video-preview:-1\" \/>\n<link rel=\"canonical\" href=\"https:\/\/dklaw.dk\/fr\/profil\/\" \/>\n<meta property=\"og:locale\" content=\"fr_FR\" \/>\n<meta property=\"og:type\" content=\"article\" \/>\n<meta property=\"og:title\" content=\"Cabinet d&#039;avocats Copenhague - Fabritius Tengnagel &amp; Heine Avocats\" \/>\n<meta property=\"og:description\" content=\"Nous sommes un cabinet d&#039;avocats renomm\u00e9 \u00e0 Copenhague avec des avocats exp\u00e9riment\u00e9s. Contactez-nous pour des conseils professionnels. En savoir plus ici.\" \/>\n<meta property=\"og:url\" content=\"https:\/\/dklaw.dk\/fr\/profil\/\" \/>\n<meta property=\"og:site_name\" content=\"Advokatkontoret Fabritius Tengnagel &amp; Heine\" \/>\n<meta property=\"article:modified_time\" content=\"2023-08-18T08:35:15+00:00\" \/>\n<meta name=\"twitter:card\" content=\"summary_large_image\" \/>\n<meta name=\"twitter:label1\" content=\"Dur\u00e9e de lecture estim\u00e9e\" \/>\n\t<meta name=\"twitter:data1\" content=\"1 minute\" \/>\n<script type=\"application\/ld+json\" class=\"yoast-schema-graph\">{\"@context\":\"https:\\\/\\\/schema.org\",\"@graph\":[{\"@type\":\"WebPage\",\"@id\":\"https:\\\/\\\/dklaw.dk\\\/fr\\\/profil\\\/\",\"url\":\"https:\\\/\\\/dklaw.dk\\\/fr\\\/profil\\\/\",\"name\":\"Cabinet d'avocats Copenhague - Fabritius Tengnagel & Heine Avocats\",\"isPartOf\":{\"@id\":\"https:\\\/\\\/dklaw.dk\\\/#website\"},\"datePublished\":\"2018-03-15T09:40:25+00:00\",\"dateModified\":\"2023-08-18T08:35:15+00:00\",\"description\":\"Nous sommes un cabinet d'avocats renomm\u00e9 \u00e0 Copenhague avec des avocats exp\u00e9riment\u00e9s. Contactez-nous pour des conseils professionnels. En savoir plus ici.\",\"breadcrumb\":{\"@id\":\"https:\\\/\\\/dklaw.dk\\\/fr\\\/profil\\\/#breadcrumb\"},\"inLanguage\":\"fr-FR\",\"potentialAction\":[{\"@type\":\"ReadAction\",\"target\":[\"https:\\\/\\\/dklaw.dk\\\/fr\\\/profil\\\/\"]}]},{\"@type\":\"BreadcrumbList\",\"@id\":\"https:\\\/\\\/dklaw.dk\\\/fr\\\/profil\\\/#breadcrumb\",\"itemListElement\":[{\"@type\":\"ListItem\",\"position\":1,\"name\":\"Hjem\",\"item\":\"https:\\\/\\\/dklaw.dk\\\/fr\\\/\"},{\"@type\":\"ListItem\",\"position\":2,\"name\":\"Profil\"}]},{\"@type\":\"WebSite\",\"@id\":\"https:\\\/\\\/dklaw.dk\\\/#website\",\"url\":\"https:\\\/\\\/dklaw.dk\\\/\",\"name\":\"Advokatkontoret Fabritius Tengnagel &amp; Heine\",\"description\":\"Advokatkontor i K\u00f8benhavn\",\"potentialAction\":[{\"@type\":\"SearchAction\",\"target\":{\"@type\":\"EntryPoint\",\"urlTemplate\":\"https:\\\/\\\/dklaw.dk\\\/?s={search_term_string}\"},\"query-input\":{\"@type\":\"PropertyValueSpecification\",\"valueRequired\":true,\"valueName\":\"search_term_string\"}}],\"inLanguage\":\"fr-FR\"}]}<\/script>\n<!-- \/ Yoast SEO plugin. -->","yoast_head_json":{"title":"Cabinet d'avocats Copenhague - Fabritius Tengnagel & Heine Avocats","description":"Nous sommes un cabinet d'avocats renomm\u00e9 \u00e0 Copenhague avec des avocats exp\u00e9riment\u00e9s. Contactez-nous pour des conseils professionnels. En savoir plus ici.","robots":{"index":"index","follow":"follow","max-snippet":"max-snippet:-1","max-image-preview":"max-image-preview:large","max-video-preview":"max-video-preview:-1"},"canonical":"https:\/\/dklaw.dk\/fr\/profil\/","og_locale":"fr_FR","og_type":"article","og_title":"Cabinet d'avocats Copenhague - Fabritius Tengnagel & Heine Avocats","og_description":"Nous sommes un cabinet d'avocats renomm\u00e9 \u00e0 Copenhague avec des avocats exp\u00e9riment\u00e9s. Contactez-nous pour des conseils professionnels. En savoir plus ici.","og_url":"https:\/\/dklaw.dk\/fr\/profil\/","og_site_name":"Advokatkontoret Fabritius Tengnagel &amp; Heine","article_modified_time":"2023-08-18T08:35:15+00:00","twitter_card":"summary_large_image","twitter_misc":{"Dur\u00e9e de lecture estim\u00e9e":"1 minute"},"schema":{"@context":"https:\/\/schema.org","@graph":[{"@type":"WebPage","@id":"https:\/\/dklaw.dk\/fr\/profil\/","url":"https:\/\/dklaw.dk\/fr\/profil\/","name":"Cabinet d'avocats Copenhague - Fabritius Tengnagel & Heine Avocats","isPartOf":{"@id":"https:\/\/dklaw.dk\/#website"},"datePublished":"2018-03-15T09:40:25+00:00","dateModified":"2023-08-18T08:35:15+00:00","description":"Nous sommes un cabinet d'avocats renomm\u00e9 \u00e0 Copenhague avec des avocats exp\u00e9riment\u00e9s. Contactez-nous pour des conseils professionnels. En savoir plus ici.","breadcrumb":{"@id":"https:\/\/dklaw.dk\/fr\/profil\/#breadcrumb"},"inLanguage":"fr-FR","potentialAction":[{"@type":"ReadAction","target":["https:\/\/dklaw.dk\/fr\/profil\/"]}]},{"@type":"BreadcrumbList","@id":"https:\/\/dklaw.dk\/fr\/profil\/#breadcrumb","itemListElement":[{"@type":"ListItem","position":1,"name":"Hjem","item":"https:\/\/dklaw.dk\/fr\/"},{"@type":"ListItem","position":2,"name":"Profil"}]},{"@type":"WebSite","@id":"https:\/\/dklaw.dk\/#website","url":"https:\/\/dklaw.dk\/","name":"Advokatkontoret Fabritius Tengnagel &amp; Heine","description":"Advokatkontor i K\u00f8benhavn","potentialAction":[{"@type":"SearchAction","target":{"@type":"EntryPoint","urlTemplate":"https:\/\/dklaw.dk\/?s={search_term_string}"},"query-input":{"@type":"PropertyValueSpecification","valueRequired":true,"valueName":"search_term_string"}}],"inLanguage":"fr-FR"}]}},"_links":{"self":[{"href":"https:\/\/dklaw.dk\/fr\/wp-json\/wp\/v2\/pages\/5989","targetHints":{"allow":["GET"]}}],"collection":[{"href":"https:\/\/dklaw.dk\/fr\/wp-json\/wp\/v2\/pages"}],"about":[{"href":"https:\/\/dklaw.dk\/fr\/wp-json\/wp\/v2\/types\/page"}],"author":[{"embeddable":true,"href":"https:\/\/dklaw.dk\/fr\/wp-json\/wp\/v2\/users\/3"}],"replies":[{"embeddable":true,"href":"https:\/\/dklaw.dk\/fr\/wp-json\/wp\/v2\/comments?post=5989"}],"version-history":[{"count":1,"href":"https:\/\/dklaw.dk\/fr\/wp-json\/wp\/v2\/pages\/5989\/revisions"}],"predecessor-version":[{"id":7805,"href":"https:\/\/dklaw.dk\/fr\/wp-json\/wp\/v2\/pages\/5989\/revisions\/7805"}],"wp:attachment":[{"href":"https:\/\/dklaw.dk\/fr\/wp-json\/wp\/v2\/media?parent=5989"}],"curies":[{"name":"wp","href":"https:\/\/api.w.org\/{rel}","templated":true}]}}