{"id":6011,"date":"2018-03-15T13:28:24","date_gmt":"2018-03-15T12:28:24","guid":{"rendered":"http:\/\/cphpub.com\/dklaw\/?page_id=6011"},"modified":"2023-08-18T10:29:07","modified_gmt":"2023-08-18T08:29:07","slug":"conseils-aux-entreprises","status":"publish","type":"page","link":"https:\/\/dklaw.dk\/fr\/conseils-aux-entreprises\/","title":{"rendered":"Conseils aux entreprises"},"content":{"rendered":"[vc_row type=\u00a0\u00bbin_container\u00a0\u00bb full_screen_row_position=\u00a0\u00bbmiddle\u00a0\u00bb column_margin=\u00a0\u00bbdefault\u00a0\u00bb scene_position=\u00a0\u00bbcenter\u00a0\u00bb text_color=\u00a0\u00bbdark\u00a0\u00bb text_align=\u00a0\u00bbleft\u00a0\u00bb overlay_strength=\u00a0\u00bb0.3&Prime; shape_divider_position=\u00a0\u00bbbottom\u00a0\u00bb bg_image_animation=\u00a0\u00bbnone\u00a0\u00bb][vc_column column_padding=\u00a0\u00bbpadding-3-percent\u00a0\u00bb column_padding_position=\u00a0\u00bbright\u00a0\u00bb background_color_opacity=\u00a0\u00bb1&Prime; background_hover_color_opacity=\u00a0\u00bb1&Prime; column_link_target=\u00a0\u00bb_self\u00a0\u00bb column_shadow=\u00a0\u00bbnone\u00a0\u00bb column_border_radius=\u00a0\u00bbnone\u00a0\u00bb width=\u00a0\u00bb1\/1&Prime; tablet_width_inherit=\u00a0\u00bbdefault\u00a0\u00bb tablet_text_alignment=\u00a0\u00bbdefault\u00a0\u00bb phone_text_alignment=\u00a0\u00bbdefault\u00a0\u00bb overlay_strength=\u00a0\u00bb0.3&Prime; column_border_width=\u00a0\u00bbnone\u00a0\u00bb column_border_style=\u00a0\u00bbsolid\u00a0\u00bb bg_image_animation=\u00a0\u00bbnone\u00a0\u00bb][vc_column_text]\n<header>\n<h3 class=\"title entry-title\">Conseils aux entreprises<\/h3>\n<\/header>\n<section class=\"entry\">\n<ul>\n<li>Achat et vente d\u2019entreprises<\/li>\n<li>Droit sur les soci\u00e9t\u00e9s et les fondations<\/li>\n<li>Droit sur les locations commerciales<\/li>\n<li>Financement (acquisition de capitaux)<\/li>\n<li>Renouvellement g\u00e9n\u00e9rationnel et restructuration<\/li>\n<li>Fonction du conseil d\u2019administration<\/li>\n<li>Distributeur exclusif et agent commercial<\/li>\n<\/ul>\n<p>Fabritius Tengnagel &amp; Heine a une longue tradition de conseils aux entreprises et dispense des conseils dans tous les domaines juridiques de la vie \u00e9conomique. Nous contribuons aux n\u00e9gociations entre partenaires danois et \u00e9trangers en apportant nos connaissances juridiques et notre exp\u00e9rience commerciale. Nous \u00e9laborons des contrats commerciaux et nous apportons notamment des conseils sur l\u2019interpr\u00e9tation de contrats existants.<\/p>\n<h4>Soci\u00e9t\u00e9s et fondations<\/h4>\n<p>Fabritius Tengnagel &amp; Heine dispense ses conseils en mati\u00e8re de SA, SARL, SNC, de fondations et d\u2019associations. Nos avocats ont de nombreux contacts avec les entreprises et si\u00e8gent dans plusieurs conseils d\u2019administration de soci\u00e9t\u00e9s et de fondations. Ces situations nous donnent une compr\u00e9hension et une exp\u00e9rience commerciale dont nos clients peuvent tirer parti.<\/p>\n<p>Nos conseils s\u2019appliquent aux domaines suivants, entre autres :<\/p>\n<ul>\n<li>Achat et vente d\u2019entreprise<\/li>\n<li>Cr\u00e9ation d\u2019entreprise<\/li>\n<li>Choix de la forme d\u2019\u00e9tablissement<\/li>\n<li>Fondation de soci\u00e9t\u00e9s<\/li>\n<li>Statuts<\/li>\n<li>Structure de holding<\/li>\n<li>Accords entre actionnaires et accords entre associ\u00e9s<\/li>\n<li>Contrats de directeur<\/li>\n<li>Conseil d\u2019administration et direction<\/li>\n<li>Rapport annuel et audit<\/li>\n<li>Fusion, scission et transformation de soci\u00e9t\u00e9s<\/li>\n<\/ul>\n<h4>Droit sur les baux commerciaux<\/h4>\n<p>Fabritius Tengnagel &amp; Heine conseille les propri\u00e9taires de locaux commerciaux, les locataires et les administrateurs de biens commerciaux lors de la mise \u00e0 bail, notamment lors des d\u00e9marches d\u2019\u00e9laboration et de n\u00e9gociation des contrats de bail. Nous dispensons des conseils sur la clause de pr\u00e9emption des locataires conform\u00e9ment \u00e0 la loi sur la location lors de la vente de propri\u00e9t\u00e9s \u00e0 but locatif.<\/p>\n<h4>Financement<\/h4>\n<p>Fabritius Tengnagel &amp; Heine s\u2019est sp\u00e9cialis\u00e9 dans le financement (acquisition de capitaux) notamment pour la cr\u00e9ation d\u2019entreprise, ainsi que pour l\u2019innovation et l\u2019extension d\u2019entreprise dans de nouveaux domaines d\u2019activit\u00e9s ou des domaines existants. Nous dispensons des conseils sur le financement aupr\u00e8s du Fonds de croissance.<\/p>\n<h4>Renouvellement g\u00e9n\u00e9rationnel et restructuration<\/h4>\n<p>Fabritius Tengnagel &amp; Heine dispense des conseils sur le renouvellement g\u00e9n\u00e9rationnel des entreprises familiales, qu\u2019il s\u2019agisse d\u2019une entreprise unipersonnelle ou d\u2019une soci\u00e9t\u00e9. Le renouvellement de g\u00e9n\u00e9ration peut se faire en vue d\u2019une cession \u00e0 d\u2019autres personnes que les membres d\u2019une famille, notamment les employ\u00e9s de l\u2019entreprise.<\/p>\n<p>Mettre en place un renouvellement de g\u00e9n\u00e9ration demande souvent une planification sur le moyen ou long terme. Il peut s\u2019av\u00e9rer n\u00e9cessaire de modifier la structure de l\u2019entreprise (restructuration) pour des raisons \u00e9conomiques, fiscales ou personnelles. La restructuration peut porter sur la s\u00e9paration ou la fusion d\u2019unit\u00e9s de l\u2019entreprise, l\u2019\u00e9tablissement de holdings, de filiales et de fondations.<\/p>\n<p>La planification d\u2019un renouvellement g\u00e9n\u00e9rationnel et, si n\u00e9cessaire, d\u2019une restructuration ont souvent pour but de s\u2019assurer que les h\u00e9ritiers, ou d\u2019autres personnes, reprendront l\u2019entreprise sous une forme adapt\u00e9e \u00e0 leurs besoins et leurs comp\u00e9tences. Nous \u00e9laborons une solution compl\u00e8te en nous assurant que les conditions \u00e9conomiques et financi\u00e8res ainsi que les situations personnelles r\u00e9pondent aux attentes du client, notamment l\u2019optimisation de la valeur de l\u2019entreprise qui s\u2019applique lors d\u2019une transformation d\u2019entreprise non imposable, la scission non imposable ou d\u2019autres formes de restructurations non imposables.<\/p>\n<p>La restructuration peut \u00e9galement \u00eatre n\u00e9cessaire dans les cas o\u00f9 l\u2019on souhaite vendre l\u2019entreprise \u00e0 un tiers. Le prix obtenu est alors souvent plus \u00e9lev\u00e9 si l\u2019entreprise appara\u00eet structur\u00e9e et all\u00e9g\u00e9e, auquel cas les valeurs doivent \u00eatre transparentes avant de pouvoir \u00eatre \u00e9valu\u00e9es et vendues.<\/p>\n<h4>Fonction du conseil d\u2019administration<\/h4>\n<p>Les avocats de Fabritius Tengnagel &amp; Heine si\u00e8gent comme membres dans les conseils d\u2019administration de SA et de SARL notamment. Une grande partie de leur travail consiste \u00e0 conseiller les conseils d\u2019administration, soit en tant que membres, soit en tant que conseillers ordinaires. Nous les assistons en apportant une aide juridique tout en ayant une approche commerciale.<\/p>\n<h4>Distributeur exclusif et agent commercial<\/h4>\n<p>Fabritius Tengnagel &amp; Heine dispense ses conseils dans toutes les situations o\u00f9 interviennent des distributeurs et des agents commerciaux, et nous nous consid\u00e9rons comme des sp\u00e9cialistes dans ce domaine. Nous avons une grande exp\u00e9rience des proc\u00e9dures judiciaires relatives aux indemnisations et aux r\u00e9parations en cas de perte de goodwill lors de la r\u00e9siliation ou de la d\u00e9nonciation de contrats d\u2019agent et de distributeur exclusif.<\/p>\n<\/section>\n[\/vc_column_text][\/vc_column][\/vc_row][vc_row type=\u00a0\u00bbin_container\u00a0\u00bb full_screen_row_position=\u00a0\u00bbmiddle\u00a0\u00bb column_margin=\u00a0\u00bbdefault\u00a0\u00bb scene_position=\u00a0\u00bbcenter\u00a0\u00bb text_color=\u00a0\u00bbdark\u00a0\u00bb text_align=\u00a0\u00bbleft\u00a0\u00bb overlay_strength=\u00a0\u00bb0.3&Prime; shape_divider_position=\u00a0\u00bbbottom\u00a0\u00bb bg_image_animation=\u00a0\u00bbnone\u00a0\u00bb][vc_column column_padding=\u00a0\u00bbno-extra-padding\u00a0\u00bb column_padding_position=\u00a0\u00bball\u00a0\u00bb background_color_opacity=\u00a0\u00bb1&Prime; background_hover_color_opacity=\u00a0\u00bb1&Prime; column_link_target=\u00a0\u00bb_self\u00a0\u00bb column_shadow=\u00a0\u00bbnone\u00a0\u00bb column_border_radius=\u00a0\u00bbnone\u00a0\u00bb width=\u00a0\u00bb1\/1&Prime; tablet_width_inherit=\u00a0\u00bbdefault\u00a0\u00bb tablet_text_alignment=\u00a0\u00bbdefault\u00a0\u00bb phone_text_alignment=\u00a0\u00bbdefault\u00a0\u00bb overlay_strength=\u00a0\u00bb0.3&Prime; column_border_width=\u00a0\u00bbnone\u00a0\u00bb column_border_style=\u00a0\u00bbsolid\u00a0\u00bb bg_image_animation=\u00a0\u00bbnone\u00a0\u00bb][divider line_type=\u00a0\u00bbFull Width Line\u00a0\u00bb line_thickness=\u00a0\u00bb1&Prime; divider_color=\u00a0\u00bbextra-color-gradient-1&Prime;][\/vc_column][\/vc_row][vc_row type=\u00a0\u00bbin_container\u00a0\u00bb full_screen_row_position=\u00a0\u00bbmiddle\u00a0\u00bb column_margin=\u00a0\u00bbdefault\u00a0\u00bb scene_position=\u00a0\u00bbcenter\u00a0\u00bb text_color=\u00a0\u00bbdark\u00a0\u00bb text_align=\u00a0\u00bbleft\u00a0\u00bb class=\u00a0\u00bbkontakt-box\u00a0\u00bb overlay_strength=\u00a0\u00bb0.3&Prime; shape_divider_position=\u00a0\u00bbbottom\u00a0\u00bb bg_image_animation=\u00a0\u00bbnone\u00a0\u00bb shape_type=\u00a0\u00bb\u00a0\u00bb][vc_column column_padding=\u00a0\u00bbno-extra-padding\u00a0\u00bb column_padding_position=\u00a0\u00bball\u00a0\u00bb background_color_opacity=\u00a0\u00bb1&Prime; background_hover_color_opacity=\u00a0\u00bb1&Prime; column_link_target=\u00a0\u00bb_self\u00a0\u00bb column_shadow=\u00a0\u00bbnone\u00a0\u00bb column_border_radius=\u00a0\u00bbnone\u00a0\u00bb width=\u00a0\u00bb1\/1&Prime; tablet_width_inherit=\u00a0\u00bbdefault\u00a0\u00bb tablet_text_alignment=\u00a0\u00bbdefault\u00a0\u00bb phone_text_alignment=\u00a0\u00bbdefault\u00a0\u00bb overlay_strength=\u00a0\u00bb0.3&Prime; column_border_width=\u00a0\u00bbnone\u00a0\u00bb column_border_style=\u00a0\u00bbsolid\u00a0\u00bb bg_image_animation=\u00a0\u00bbnone\u00a0\u00bb][vc_column_text]Si vous avez des questions, n&rsquo;h\u00e9sitez pas \u00e0 contacter:<\/p>\n<p>Avocat Associ\u00e9<br \/>\n<strong>Anne Mie Lund<\/strong><br \/>\nEmail:\u00a0<a href=\"mailto:aml@dklaw.dk\">aml@dklaw.dk<\/a><br \/>\nTel: <a class=\"woo-sc-button red small\" href=\"tel:+4533136920\"><span class=\"woo-\">+45 33 13 69 20<\/span><\/a>[\/vc_column_text][\/vc_column][\/vc_row]\n","protected":false},"excerpt":{"rendered":"<p>[vc_row type=\u00a0\u00bbin_container\u00a0\u00bb full_screen_row_position=\u00a0\u00bbmiddle\u00a0\u00bb column_margin=\u00a0\u00bbdefault\u00a0\u00bb scene_position=\u00a0\u00bbcenter\u00a0\u00bb text_color=\u00a0\u00bbdark\u00a0\u00bb text_align=\u00a0\u00bbleft\u00a0\u00bb overlay_strength=\u00a0\u00bb0.3&Prime; shape_divider_position=\u00a0\u00bbbottom\u00a0\u00bb bg_image_animation=\u00a0\u00bbnone\u00a0\u00bb][vc_column column_padding=\u00a0\u00bbpadding-3-percent\u00a0\u00bb column_padding_position=\u00a0\u00bbright\u00a0\u00bb background_color_opacity=\u00a0\u00bb1&Prime; background_hover_color_opacity=\u00a0\u00bb1&Prime; column_link_target=\u00a0\u00bb_self\u00a0\u00bb column_shadow=\u00a0\u00bbnone\u00a0\u00bb column_border_radius=\u00a0\u00bbnone\u00a0\u00bb width=\u00a0\u00bb1\/1&Prime; tablet_width_inherit=\u00a0\u00bbdefault\u00a0\u00bb tablet_text_alignment=\u00a0\u00bbdefault\u00a0\u00bb phone_text_alignment=\u00a0\u00bbdefault\u00a0\u00bb overlay_strength=\u00a0\u00bb0.3&Prime; column_border_width=\u00a0\u00bbnone\u00a0\u00bb column_border_style=\u00a0\u00bbsolid\u00a0\u00bb bg_image_animation=\u00a0\u00bbnone\u00a0\u00bb][vc_column_text] Conseils aux entreprises Achat et&#8230;<\/p>\n","protected":false},"author":3,"featured_media":0,"parent":0,"menu_order":0,"comment_status":"closed","ping_status":"closed","template":"page-sidebar.php","meta":{"footnotes":""},"class_list":["post-6011","page","type-page","status-publish"],"yoast_head":"<!-- This site is optimized with the Yoast SEO plugin v27.4 - https:\/\/yoast.com\/product\/yoast-seo-wordpress\/ -->\n<title>Conseils aux entreprises - Advokatkontoret Fabritius Tengnagel &amp; Heine<\/title>\n<meta name=\"description\" content=\"Avocats d&#039;affaires sp\u00e9cialis\u00e9s avec une vaste exp\u00e9rience. Nous offrons des conseils professionnels aux entreprises. En savoir plus ici.\" \/>\n<meta name=\"robots\" content=\"index, follow, max-snippet:-1, max-image-preview:large, max-video-preview:-1\" \/>\n<link rel=\"canonical\" href=\"https:\/\/dklaw.dk\/fr\/conseils-aux-entreprises\/\" \/>\n<meta property=\"og:locale\" content=\"fr_FR\" \/>\n<meta property=\"og:type\" content=\"article\" \/>\n<meta property=\"og:title\" content=\"Conseils aux entreprises - Advokatkontoret Fabritius Tengnagel &amp; Heine\" \/>\n<meta property=\"og:description\" content=\"Avocats d&#039;affaires sp\u00e9cialis\u00e9s avec une vaste exp\u00e9rience. Nous offrons des conseils professionnels aux entreprises. En savoir plus ici.\" \/>\n<meta property=\"og:url\" content=\"https:\/\/dklaw.dk\/fr\/conseils-aux-entreprises\/\" \/>\n<meta property=\"og:site_name\" content=\"Advokatkontoret Fabritius Tengnagel &amp; Heine\" \/>\n<meta property=\"article:modified_time\" content=\"2023-08-18T08:29:07+00:00\" \/>\n<meta name=\"twitter:card\" content=\"summary_large_image\" \/>\n<meta name=\"twitter:label1\" content=\"Dur\u00e9e de lecture estim\u00e9e\" \/>\n\t<meta name=\"twitter:data1\" content=\"5 minutes\" \/>\n<script type=\"application\/ld+json\" class=\"yoast-schema-graph\">{\"@context\":\"https:\\\/\\\/schema.org\",\"@graph\":[{\"@type\":\"WebPage\",\"@id\":\"https:\\\/\\\/dklaw.dk\\\/fr\\\/conseils-aux-entreprises\\\/\",\"url\":\"https:\\\/\\\/dklaw.dk\\\/fr\\\/conseils-aux-entreprises\\\/\",\"name\":\"Conseils aux entreprises - Advokatkontoret Fabritius Tengnagel & Heine\",\"isPartOf\":{\"@id\":\"https:\\\/\\\/dklaw.dk\\\/#website\"},\"datePublished\":\"2018-03-15T12:28:24+00:00\",\"dateModified\":\"2023-08-18T08:29:07+00:00\",\"description\":\"Avocats d'affaires sp\u00e9cialis\u00e9s avec une vaste exp\u00e9rience. Nous offrons des conseils professionnels aux entreprises. En savoir plus ici.\",\"breadcrumb\":{\"@id\":\"https:\\\/\\\/dklaw.dk\\\/fr\\\/conseils-aux-entreprises\\\/#breadcrumb\"},\"inLanguage\":\"fr-FR\",\"potentialAction\":[{\"@type\":\"ReadAction\",\"target\":[\"https:\\\/\\\/dklaw.dk\\\/fr\\\/conseils-aux-entreprises\\\/\"]}]},{\"@type\":\"BreadcrumbList\",\"@id\":\"https:\\\/\\\/dklaw.dk\\\/fr\\\/conseils-aux-entreprises\\\/#breadcrumb\",\"itemListElement\":[{\"@type\":\"ListItem\",\"position\":1,\"name\":\"Hjem\",\"item\":\"https:\\\/\\\/dklaw.dk\\\/fr\\\/\"},{\"@type\":\"ListItem\",\"position\":2,\"name\":\"Conseils aux entreprises\"}]},{\"@type\":\"WebSite\",\"@id\":\"https:\\\/\\\/dklaw.dk\\\/#website\",\"url\":\"https:\\\/\\\/dklaw.dk\\\/\",\"name\":\"Advokatkontoret Fabritius Tengnagel &amp; Heine\",\"description\":\"Advokatkontor i K\u00f8benhavn\",\"potentialAction\":[{\"@type\":\"SearchAction\",\"target\":{\"@type\":\"EntryPoint\",\"urlTemplate\":\"https:\\\/\\\/dklaw.dk\\\/?s={search_term_string}\"},\"query-input\":{\"@type\":\"PropertyValueSpecification\",\"valueRequired\":true,\"valueName\":\"search_term_string\"}}],\"inLanguage\":\"fr-FR\"}]}<\/script>\n<!-- \/ Yoast SEO plugin. -->","yoast_head_json":{"title":"Conseils aux entreprises - Advokatkontoret Fabritius Tengnagel & Heine","description":"Avocats d'affaires sp\u00e9cialis\u00e9s avec une vaste exp\u00e9rience. Nous offrons des conseils professionnels aux entreprises. En savoir plus ici.","robots":{"index":"index","follow":"follow","max-snippet":"max-snippet:-1","max-image-preview":"max-image-preview:large","max-video-preview":"max-video-preview:-1"},"canonical":"https:\/\/dklaw.dk\/fr\/conseils-aux-entreprises\/","og_locale":"fr_FR","og_type":"article","og_title":"Conseils aux entreprises - Advokatkontoret Fabritius Tengnagel & Heine","og_description":"Avocats d'affaires sp\u00e9cialis\u00e9s avec une vaste exp\u00e9rience. Nous offrons des conseils professionnels aux entreprises. En savoir plus ici.","og_url":"https:\/\/dklaw.dk\/fr\/conseils-aux-entreprises\/","og_site_name":"Advokatkontoret Fabritius Tengnagel &amp; Heine","article_modified_time":"2023-08-18T08:29:07+00:00","twitter_card":"summary_large_image","twitter_misc":{"Dur\u00e9e de lecture estim\u00e9e":"5 minutes"},"schema":{"@context":"https:\/\/schema.org","@graph":[{"@type":"WebPage","@id":"https:\/\/dklaw.dk\/fr\/conseils-aux-entreprises\/","url":"https:\/\/dklaw.dk\/fr\/conseils-aux-entreprises\/","name":"Conseils aux entreprises - Advokatkontoret Fabritius Tengnagel & Heine","isPartOf":{"@id":"https:\/\/dklaw.dk\/#website"},"datePublished":"2018-03-15T12:28:24+00:00","dateModified":"2023-08-18T08:29:07+00:00","description":"Avocats d'affaires sp\u00e9cialis\u00e9s avec une vaste exp\u00e9rience. Nous offrons des conseils professionnels aux entreprises. En savoir plus ici.","breadcrumb":{"@id":"https:\/\/dklaw.dk\/fr\/conseils-aux-entreprises\/#breadcrumb"},"inLanguage":"fr-FR","potentialAction":[{"@type":"ReadAction","target":["https:\/\/dklaw.dk\/fr\/conseils-aux-entreprises\/"]}]},{"@type":"BreadcrumbList","@id":"https:\/\/dklaw.dk\/fr\/conseils-aux-entreprises\/#breadcrumb","itemListElement":[{"@type":"ListItem","position":1,"name":"Hjem","item":"https:\/\/dklaw.dk\/fr\/"},{"@type":"ListItem","position":2,"name":"Conseils aux entreprises"}]},{"@type":"WebSite","@id":"https:\/\/dklaw.dk\/#website","url":"https:\/\/dklaw.dk\/","name":"Advokatkontoret Fabritius Tengnagel &amp; Heine","description":"Advokatkontor i K\u00f8benhavn","potentialAction":[{"@type":"SearchAction","target":{"@type":"EntryPoint","urlTemplate":"https:\/\/dklaw.dk\/?s={search_term_string}"},"query-input":{"@type":"PropertyValueSpecification","valueRequired":true,"valueName":"search_term_string"}}],"inLanguage":"fr-FR"}]}},"_links":{"self":[{"href":"https:\/\/dklaw.dk\/fr\/wp-json\/wp\/v2\/pages\/6011","targetHints":{"allow":["GET"]}}],"collection":[{"href":"https:\/\/dklaw.dk\/fr\/wp-json\/wp\/v2\/pages"}],"about":[{"href":"https:\/\/dklaw.dk\/fr\/wp-json\/wp\/v2\/types\/page"}],"author":[{"embeddable":true,"href":"https:\/\/dklaw.dk\/fr\/wp-json\/wp\/v2\/users\/3"}],"replies":[{"embeddable":true,"href":"https:\/\/dklaw.dk\/fr\/wp-json\/wp\/v2\/comments?post=6011"}],"version-history":[{"count":2,"href":"https:\/\/dklaw.dk\/fr\/wp-json\/wp\/v2\/pages\/6011\/revisions"}],"predecessor-version":[{"id":7516,"href":"https:\/\/dklaw.dk\/fr\/wp-json\/wp\/v2\/pages\/6011\/revisions\/7516"}],"wp:attachment":[{"href":"https:\/\/dklaw.dk\/fr\/wp-json\/wp\/v2\/media?parent=6011"}],"curies":[{"name":"wp","href":"https:\/\/api.w.org\/{rel}","templated":true}]}}