{"id":6173,"date":"2018-03-22T14:45:57","date_gmt":"2018-03-22T13:45:57","guid":{"rendered":"http:\/\/cphpub.com\/dklaw\/?page_id=6173"},"modified":"2023-08-18T10:33:51","modified_gmt":"2023-08-18T08:33:51","slug":"recouvrement-de-creances-au-danemark","status":"publish","type":"page","link":"https:\/\/dklaw.dk\/fr\/recouvrement-de-creances-au-danemark\/","title":{"rendered":"Recouvrement de cr\u00e9ances au Danemark"},"content":{"rendered":"[vc_row type=\u00a0\u00bbin_container\u00a0\u00bb full_screen_row_position=\u00a0\u00bbmiddle\u00a0\u00bb column_margin=\u00a0\u00bbdefault\u00a0\u00bb scene_position=\u00a0\u00bbcenter\u00a0\u00bb text_color=\u00a0\u00bbdark\u00a0\u00bb text_align=\u00a0\u00bbleft\u00a0\u00bb overlay_strength=\u00a0\u00bb0.3&Prime; shape_divider_position=\u00a0\u00bbbottom\u00a0\u00bb bg_image_animation=\u00a0\u00bbnone\u00a0\u00bb][vc_column column_padding=\u00a0\u00bbpadding-3-percent\u00a0\u00bb column_padding_position=\u00a0\u00bbright\u00a0\u00bb background_color_opacity=\u00a0\u00bb1&Prime; background_hover_color_opacity=\u00a0\u00bb1&Prime; column_link_target=\u00a0\u00bb_self\u00a0\u00bb column_shadow=\u00a0\u00bbnone\u00a0\u00bb column_border_radius=\u00a0\u00bbnone\u00a0\u00bb width=\u00a0\u00bb1\/1&Prime; tablet_width_inherit=\u00a0\u00bbdefault\u00a0\u00bb tablet_text_alignment=\u00a0\u00bbdefault\u00a0\u00bb phone_text_alignment=\u00a0\u00bbdefault\u00a0\u00bb overlay_strength=\u00a0\u00bb0.3&Prime; column_border_width=\u00a0\u00bbnone\u00a0\u00bb column_border_style=\u00a0\u00bbsolid\u00a0\u00bb bg_image_animation=\u00a0\u00bbnone\u00a0\u00bb][vc_column_text]\n<h3>Recouvrement de cr\u00e9ances au Danemark<\/h3>\n<p>Si vous avez une r\u00e9clamation aupr\u00e8s d\u2019un d\u00e9biteur danois et que vous souhaitez assurer le traitement satisfaisant de votre dossier, le cabinet d\u2019avocats Fabritius Tengnagel &amp; Heine met son expertise, son exp\u00e9rience et son professionnalisme \u00e0 votre service.<\/p>\n<h4>Recouvrement transnational de cr\u00e9ances<\/h4>\n<p>Le recouvrement de cr\u00e9ances est une sp\u00e9cialit\u00e9 juridique connue et appliqu\u00e9e dans toutes les juridictions. Au fil des ann\u00e9es, le commerce international a pris une importance croissante et lorsqu\u2019un litige a lieu, le cr\u00e9diteur peut se trouver confront\u00e9 \u00e0 un syst\u00e8me l\u00e9gislatif avec lequel il n\u2019est pas familier. Les actes l\u00e9gislatifs sont souvent difficiles \u00e0 comprendre, plus particuli\u00e8rement lorsqu\u2019il s\u2019agit d\u2019actes \u00e9trangers. Un cr\u00e9diteur risque en cons\u00e9quence, s\u2019il ne se conforme pas aux proc\u00e9dures de recouvrement domestiques qui sont en vigueur dans le pays du d\u00e9biteur, de perdre ses droits de revendication. Il est donc primordial de confier le recouvrement de cr\u00e9ances \u00e0 un avocat sp\u00e9cialis\u00e9 dans ce domaine. Le cabinet Fabritius Tengnagel &amp; Heine b\u00e9n\u00e9ficie de nombreuses ann\u00e9es d\u2019exp\u00e9rience du recouvrement de dettes et a recouvr\u00e9 des cr\u00e9ances pour le compte de nombreux cr\u00e9diteurs. Le cabinet Fabritius Tengnagel &amp; Heine est en outre sp\u00e9cialis\u00e9 dans les affaires concernant des litiges internationaux et ses avocats sont exp\u00e9riment\u00e9s dans le traitement juridique des dossiers \u00e9trangers.<\/p>\n<h4>\u00c9tapes pr\u00e9liminaires<\/h4>\n<p>Avant de mettre en \u0153uvre une proc\u00e9dure de recouvrement de dette, le cr\u00e9diteur doit envoyer une relance au d\u00e9biteur, l\u2019informant que son paiement n\u2019a pas \u00e9t\u00e9 re\u00e7u et qu\u2019un d\u00e9faut de paiement entrainera le recours \u00e0 une proc\u00e9dure l\u00e9gale. Si le rappel n\u2019entraine pas un paiement imm\u00e9diat, le dossier sera transmis \u00e0 un avocat qui enverra \u00e0 son tour une relance au d\u00e9biteur, lui accordant, conform\u00e9ment \u00e0 la loi danoise, un d\u00e9lai de paiement de 10 jours. Il est possible que le d\u00e9biteur propose alors de payer sa dette par tranches, ce qui, dans certains cas, peut s\u2019av\u00e9rer \u00eatre la meilleure solution et la plus \u00e9conomique. Dans le cas o\u00f9 le d\u00e9biteur ne r\u00e8gle pas sa dette, ou ne r\u00e9agit pas \u00e0 la relance, un deuxi\u00e8me rappel est envoy\u00e9 pr\u00e9venant le d\u00e9biteur de la mise en \u0153uvre de la proc\u00e9dure judiciaire de recouvrement de cr\u00e9ance.<\/p>\n<h4>Proc\u00e9dure judiciaire \u2013 cr\u00e9ances incontest\u00e9es<\/h4>\n<p>Si la cr\u00e9ance est incontest\u00e9e ou qu\u2019un diff\u00e9rend n\u2019est pas attendu, et que la somme concern\u00e9e ne d\u00e9passe pas 100.000,00 DKK, une proc\u00e9dure simplifi\u00e9e peut \u00eatre appliqu\u00e9e et une demande de paiement envoy\u00e9e directement \u00e0 l\u2019huissier (au lieu de porter l\u2019affaire devant les tribunaux civils). Le d\u00e9biteur sera notifi\u00e9 et aura la possibilit\u00e9 de contester la cr\u00e9ance. S\u2019il ne le fait pas, la demande sera trait\u00e9e comme un jugement et la d\u00e9cision appliqu\u00e9e en cons\u00e9quence. Si la cr\u00e9ance est contest\u00e9e, l\u2019affaire sera jug\u00e9e par un tribunal civil.<\/p>\n<h4>Proc\u00e9dure judiciaire \u2013 cr\u00e9ances contest\u00e9es<\/h4>\n<p>Si la cr\u00e9ance est contest\u00e9e ou exc\u00e8de la somme de 100.000,00 DKK, l\u2019avocat adressera une relance au d\u00e9biteur, lui offrant un d\u00e9lai de paiement de 10 jours. Si le d\u00e9biteur ne s\u2019y soumet pas, l\u2019avocat initiera une proc\u00e9dure judiciaire en poursuivant le d\u00e9biteur devant le tribunal de premi\u00e8re instance, en vue d\u2019un jugement qui pourra ensuite \u00eatre ex\u00e9cut\u00e9.<\/p>\n<h4>Ex\u00e9cution<\/h4>\n<p>Lorsqu\u2019un jugement ex\u00e9cutoire est obtenu, que ce soit par le biais d\u2019une proc\u00e9dure simplifi\u00e9e ou d\u2019une proc\u00e9dure judiciaire ordinaire, une audience est tenue dans le but de questionner le d\u00e9biteur sur sa situation financi\u00e8re ainsi que sur les actifs sur lesquels une saisie ex\u00e9cution pourrait \u00eatre faite. Le d\u00e9biteur est tenu de r\u00e9pondre \u00e0 ces questions v\u00e9ridiquement sous peine de poursuite.<\/p>\n<p>Dans le cas o\u00f9 le d\u00e9biteur est propri\u00e9taire d\u2019actifs sur lesquels une saisie-ex\u00e9cution pourrait \u00eatre faite, la cour accorde au cr\u00e9diteur un privil\u00e8ge sur les actifs concern\u00e9s. Le d\u00e9biteur est ensuite tenu de payer le montant d\u00fb en une seule fois ou, si cela s\u2019av\u00e8re impossible pour le d\u00e9biteur, par tranches \u00e9tal\u00e9es sur une p\u00e9riode d\u2019un maximum de 10 mois. Si le d\u00e9biteur ne s\u2019y conforme pas, le cr\u00e9diteur peut exiger que les actifs faisant l\u2019objet de la saisie conservatoire soient vendus aux ench\u00e8res.<\/p>\n<p>Le cabinet d\u2019avocats Fabritius Tengnagel &amp; Heine est partenaire officiel du registre RKI, le plus important registre de d\u00e9biteurs du Danemark.<\/p>\n<h4>Contactez-nous<\/h4>\n<p>Si vous avez une r\u00e9clamation contre un d\u00e9biteur danois et que vous souhaitez assurer le traitement satisfaisant de votre dossier, le cabinet d\u2019avocats Fabritius Tengnagel &amp; Heine met son expertise, son exp\u00e9rience et son professionnalisme \u00e0 votre service.[\/vc_column_text][\/vc_column][\/vc_row][vc_row type=\u00a0\u00bbin_container\u00a0\u00bb full_screen_row_position=\u00a0\u00bbmiddle\u00a0\u00bb column_margin=\u00a0\u00bbdefault\u00a0\u00bb scene_position=\u00a0\u00bbcenter\u00a0\u00bb text_color=\u00a0\u00bbdark\u00a0\u00bb text_align=\u00a0\u00bbleft\u00a0\u00bb overlay_strength=\u00a0\u00bb0.3&Prime; shape_divider_position=\u00a0\u00bbbottom\u00a0\u00bb bg_image_animation=\u00a0\u00bbnone\u00a0\u00bb][vc_column column_padding=\u00a0\u00bbno-extra-padding\u00a0\u00bb column_padding_position=\u00a0\u00bball\u00a0\u00bb background_color_opacity=\u00a0\u00bb1&Prime; background_hover_color_opacity=\u00a0\u00bb1&Prime; column_link_target=\u00a0\u00bb_self\u00a0\u00bb column_shadow=\u00a0\u00bbnone\u00a0\u00bb column_border_radius=\u00a0\u00bbnone\u00a0\u00bb width=\u00a0\u00bb1\/1&Prime; tablet_width_inherit=\u00a0\u00bbdefault\u00a0\u00bb tablet_text_alignment=\u00a0\u00bbdefault\u00a0\u00bb phone_text_alignment=\u00a0\u00bbdefault\u00a0\u00bb overlay_strength=\u00a0\u00bb0.3&Prime; column_border_width=\u00a0\u00bbnone\u00a0\u00bb column_border_style=\u00a0\u00bbsolid\u00a0\u00bb bg_image_animation=\u00a0\u00bbnone\u00a0\u00bb][divider line_type=\u00a0\u00bbFull Width Line\u00a0\u00bb line_thickness=\u00a0\u00bb1&Prime; divider_color=\u00a0\u00bbextra-color-gradient-1&Prime;][\/vc_column][\/vc_row][vc_row type=\u00a0\u00bbin_container\u00a0\u00bb full_screen_row_position=\u00a0\u00bbmiddle\u00a0\u00bb column_margin=\u00a0\u00bbdefault\u00a0\u00bb scene_position=\u00a0\u00bbcenter\u00a0\u00bb text_color=\u00a0\u00bbdark\u00a0\u00bb text_align=\u00a0\u00bbleft\u00a0\u00bb class=\u00a0\u00bbkontakt-box\u00a0\u00bb overlay_strength=\u00a0\u00bb0.3&Prime; shape_divider_position=\u00a0\u00bbbottom\u00a0\u00bb bg_image_animation=\u00a0\u00bbnone\u00a0\u00bb shape_type=\u00a0\u00bb\u00a0\u00bb][vc_column column_padding=\u00a0\u00bbno-extra-padding\u00a0\u00bb column_padding_position=\u00a0\u00bball\u00a0\u00bb background_color_opacity=\u00a0\u00bb1&Prime; background_hover_color_opacity=\u00a0\u00bb1&Prime; column_link_target=\u00a0\u00bb_self\u00a0\u00bb column_shadow=\u00a0\u00bbnone\u00a0\u00bb column_border_radius=\u00a0\u00bbnone\u00a0\u00bb width=\u00a0\u00bb1\/1&Prime; tablet_width_inherit=\u00a0\u00bbdefault\u00a0\u00bb tablet_text_alignment=\u00a0\u00bbdefault\u00a0\u00bb phone_text_alignment=\u00a0\u00bbdefault\u00a0\u00bb overlay_strength=\u00a0\u00bb0.3&Prime; column_border_width=\u00a0\u00bbnone\u00a0\u00bb column_border_style=\u00a0\u00bbsolid\u00a0\u00bb bg_image_animation=\u00a0\u00bbnone\u00a0\u00bb][vc_column_text]Si vous avez des questions, n\u2019h\u00e9sitez pas \u00e0 contacter:<\/p>\n<p>Avocat Associ\u00e9<br \/>\n<strong>Anne Mie Lund<\/strong><br \/>\nEmail:\u00a0<a href=\"mailto:aml@dklaw.dk\">aml@dklaw.dk<\/a><br \/>\nTel: <a class=\"woo-sc-button red small\" href=\"tel:+4533136920\"><span class=\"woo-\">+45 33 13 69 20<\/span><\/a>[\/vc_column_text][\/vc_column][\/vc_row]\n","protected":false},"excerpt":{"rendered":"<p>[vc_row type=\u00a0\u00bbin_container\u00a0\u00bb full_screen_row_position=\u00a0\u00bbmiddle\u00a0\u00bb column_margin=\u00a0\u00bbdefault\u00a0\u00bb scene_position=\u00a0\u00bbcenter\u00a0\u00bb text_color=\u00a0\u00bbdark\u00a0\u00bb text_align=\u00a0\u00bbleft\u00a0\u00bb overlay_strength=\u00a0\u00bb0.3&Prime; shape_divider_position=\u00a0\u00bbbottom\u00a0\u00bb bg_image_animation=\u00a0\u00bbnone\u00a0\u00bb][vc_column column_padding=\u00a0\u00bbpadding-3-percent\u00a0\u00bb column_padding_position=\u00a0\u00bbright\u00a0\u00bb background_color_opacity=\u00a0\u00bb1&Prime; background_hover_color_opacity=\u00a0\u00bb1&Prime; column_link_target=\u00a0\u00bb_self\u00a0\u00bb column_shadow=\u00a0\u00bbnone\u00a0\u00bb column_border_radius=\u00a0\u00bbnone\u00a0\u00bb width=\u00a0\u00bb1\/1&Prime; tablet_width_inherit=\u00a0\u00bbdefault\u00a0\u00bb tablet_text_alignment=\u00a0\u00bbdefault\u00a0\u00bb phone_text_alignment=\u00a0\u00bbdefault\u00a0\u00bb overlay_strength=\u00a0\u00bb0.3&Prime; column_border_width=\u00a0\u00bbnone\u00a0\u00bb column_border_style=\u00a0\u00bbsolid\u00a0\u00bb bg_image_animation=\u00a0\u00bbnone\u00a0\u00bb][vc_column_text] Recouvrement de cr\u00e9ances au Danemark&#8230;<\/p>\n","protected":false},"author":3,"featured_media":0,"parent":0,"menu_order":0,"comment_status":"closed","ping_status":"closed","template":"page-sidebar.php","meta":{"footnotes":""},"class_list":["post-6173","page","type-page","status-publish"],"yoast_head":"<!-- This site is optimized with the Yoast SEO plugin v27.4 - https:\/\/yoast.com\/product\/yoast-seo-wordpress\/ -->\n<title>Avocat Recouvrement - Fabritius Tengnagel &amp; Heine Avocats<\/title>\n<meta name=\"description\" content=\"Gestion efficace parles recouvrements de cr\u00e9ances. Nos avocats veillent \u00e0 la protection de vos int\u00e9r\u00eats financiers. En savoir plus ici.\" \/>\n<meta name=\"robots\" content=\"index, follow, max-snippet:-1, max-image-preview:large, max-video-preview:-1\" \/>\n<link rel=\"canonical\" href=\"https:\/\/dklaw.dk\/fr\/recouvrement-de-creances-au-danemark\/\" \/>\n<meta property=\"og:locale\" content=\"fr_FR\" \/>\n<meta property=\"og:type\" content=\"article\" \/>\n<meta property=\"og:title\" content=\"Avocat Recouvrement - Fabritius Tengnagel &amp; Heine Avocats\" \/>\n<meta property=\"og:description\" content=\"Gestion efficace parles recouvrements de cr\u00e9ances. Nos avocats veillent \u00e0 la protection de vos int\u00e9r\u00eats financiers. En savoir plus ici.\" \/>\n<meta property=\"og:url\" content=\"https:\/\/dklaw.dk\/fr\/recouvrement-de-creances-au-danemark\/\" \/>\n<meta property=\"og:site_name\" content=\"Advokatkontoret Fabritius Tengnagel &amp; Heine\" \/>\n<meta property=\"article:modified_time\" content=\"2023-08-18T08:33:51+00:00\" \/>\n<meta name=\"twitter:card\" content=\"summary_large_image\" \/>\n<meta name=\"twitter:label1\" content=\"Dur\u00e9e de lecture estim\u00e9e\" \/>\n\t<meta name=\"twitter:data1\" content=\"5 minutes\" \/>\n<script type=\"application\/ld+json\" class=\"yoast-schema-graph\">{\"@context\":\"https:\\\/\\\/schema.org\",\"@graph\":[{\"@type\":\"WebPage\",\"@id\":\"https:\\\/\\\/dklaw.dk\\\/fr\\\/recouvrement-de-creances-au-danemark\\\/\",\"url\":\"https:\\\/\\\/dklaw.dk\\\/fr\\\/recouvrement-de-creances-au-danemark\\\/\",\"name\":\"Avocat Recouvrement - Fabritius Tengnagel & Heine Avocats\",\"isPartOf\":{\"@id\":\"https:\\\/\\\/dklaw.dk\\\/#website\"},\"datePublished\":\"2018-03-22T13:45:57+00:00\",\"dateModified\":\"2023-08-18T08:33:51+00:00\",\"description\":\"Gestion efficace parles recouvrements de cr\u00e9ances. Nos avocats veillent \u00e0 la protection de vos int\u00e9r\u00eats financiers. En savoir plus ici.\",\"breadcrumb\":{\"@id\":\"https:\\\/\\\/dklaw.dk\\\/fr\\\/recouvrement-de-creances-au-danemark\\\/#breadcrumb\"},\"inLanguage\":\"fr-FR\",\"potentialAction\":[{\"@type\":\"ReadAction\",\"target\":[\"https:\\\/\\\/dklaw.dk\\\/fr\\\/recouvrement-de-creances-au-danemark\\\/\"]}]},{\"@type\":\"BreadcrumbList\",\"@id\":\"https:\\\/\\\/dklaw.dk\\\/fr\\\/recouvrement-de-creances-au-danemark\\\/#breadcrumb\",\"itemListElement\":[{\"@type\":\"ListItem\",\"position\":1,\"name\":\"Hjem\",\"item\":\"https:\\\/\\\/dklaw.dk\\\/fr\\\/\"},{\"@type\":\"ListItem\",\"position\":2,\"name\":\"Recouvrement de cr\u00e9ances au Danemark\"}]},{\"@type\":\"WebSite\",\"@id\":\"https:\\\/\\\/dklaw.dk\\\/#website\",\"url\":\"https:\\\/\\\/dklaw.dk\\\/\",\"name\":\"Advokatkontoret Fabritius Tengnagel &amp; Heine\",\"description\":\"Advokatkontor i K\u00f8benhavn\",\"potentialAction\":[{\"@type\":\"SearchAction\",\"target\":{\"@type\":\"EntryPoint\",\"urlTemplate\":\"https:\\\/\\\/dklaw.dk\\\/?s={search_term_string}\"},\"query-input\":{\"@type\":\"PropertyValueSpecification\",\"valueRequired\":true,\"valueName\":\"search_term_string\"}}],\"inLanguage\":\"fr-FR\"}]}<\/script>\n<!-- \/ Yoast SEO plugin. -->","yoast_head_json":{"title":"Avocat Recouvrement - Fabritius Tengnagel & Heine Avocats","description":"Gestion efficace parles recouvrements de cr\u00e9ances. Nos avocats veillent \u00e0 la protection de vos int\u00e9r\u00eats financiers. En savoir plus ici.","robots":{"index":"index","follow":"follow","max-snippet":"max-snippet:-1","max-image-preview":"max-image-preview:large","max-video-preview":"max-video-preview:-1"},"canonical":"https:\/\/dklaw.dk\/fr\/recouvrement-de-creances-au-danemark\/","og_locale":"fr_FR","og_type":"article","og_title":"Avocat Recouvrement - Fabritius Tengnagel & Heine Avocats","og_description":"Gestion efficace parles recouvrements de cr\u00e9ances. Nos avocats veillent \u00e0 la protection de vos int\u00e9r\u00eats financiers. En savoir plus ici.","og_url":"https:\/\/dklaw.dk\/fr\/recouvrement-de-creances-au-danemark\/","og_site_name":"Advokatkontoret Fabritius Tengnagel &amp; Heine","article_modified_time":"2023-08-18T08:33:51+00:00","twitter_card":"summary_large_image","twitter_misc":{"Dur\u00e9e de lecture estim\u00e9e":"5 minutes"},"schema":{"@context":"https:\/\/schema.org","@graph":[{"@type":"WebPage","@id":"https:\/\/dklaw.dk\/fr\/recouvrement-de-creances-au-danemark\/","url":"https:\/\/dklaw.dk\/fr\/recouvrement-de-creances-au-danemark\/","name":"Avocat Recouvrement - Fabritius Tengnagel & Heine Avocats","isPartOf":{"@id":"https:\/\/dklaw.dk\/#website"},"datePublished":"2018-03-22T13:45:57+00:00","dateModified":"2023-08-18T08:33:51+00:00","description":"Gestion efficace parles recouvrements de cr\u00e9ances. Nos avocats veillent \u00e0 la protection de vos int\u00e9r\u00eats financiers. En savoir plus ici.","breadcrumb":{"@id":"https:\/\/dklaw.dk\/fr\/recouvrement-de-creances-au-danemark\/#breadcrumb"},"inLanguage":"fr-FR","potentialAction":[{"@type":"ReadAction","target":["https:\/\/dklaw.dk\/fr\/recouvrement-de-creances-au-danemark\/"]}]},{"@type":"BreadcrumbList","@id":"https:\/\/dklaw.dk\/fr\/recouvrement-de-creances-au-danemark\/#breadcrumb","itemListElement":[{"@type":"ListItem","position":1,"name":"Hjem","item":"https:\/\/dklaw.dk\/fr\/"},{"@type":"ListItem","position":2,"name":"Recouvrement de cr\u00e9ances au Danemark"}]},{"@type":"WebSite","@id":"https:\/\/dklaw.dk\/#website","url":"https:\/\/dklaw.dk\/","name":"Advokatkontoret Fabritius Tengnagel &amp; Heine","description":"Advokatkontor i K\u00f8benhavn","potentialAction":[{"@type":"SearchAction","target":{"@type":"EntryPoint","urlTemplate":"https:\/\/dklaw.dk\/?s={search_term_string}"},"query-input":{"@type":"PropertyValueSpecification","valueRequired":true,"valueName":"search_term_string"}}],"inLanguage":"fr-FR"}]}},"_links":{"self":[{"href":"https:\/\/dklaw.dk\/fr\/wp-json\/wp\/v2\/pages\/6173","targetHints":{"allow":["GET"]}}],"collection":[{"href":"https:\/\/dklaw.dk\/fr\/wp-json\/wp\/v2\/pages"}],"about":[{"href":"https:\/\/dklaw.dk\/fr\/wp-json\/wp\/v2\/types\/page"}],"author":[{"embeddable":true,"href":"https:\/\/dklaw.dk\/fr\/wp-json\/wp\/v2\/users\/3"}],"replies":[{"embeddable":true,"href":"https:\/\/dklaw.dk\/fr\/wp-json\/wp\/v2\/comments?post=6173"}],"version-history":[{"count":2,"href":"https:\/\/dklaw.dk\/fr\/wp-json\/wp\/v2\/pages\/6173\/revisions"}],"predecessor-version":[{"id":7533,"href":"https:\/\/dklaw.dk\/fr\/wp-json\/wp\/v2\/pages\/6173\/revisions\/7533"}],"wp:attachment":[{"href":"https:\/\/dklaw.dk\/fr\/wp-json\/wp\/v2\/media?parent=6173"}],"curies":[{"name":"wp","href":"https:\/\/api.w.org\/{rel}","templated":true}]}}